{"id":2207,"date":"2022-06-30T14:57:52","date_gmt":"2022-06-30T14:57:52","guid":{"rendered":"https:\/\/newstel.com\/datenschutzrichtlinie\/"},"modified":"2026-01-09T12:33:16","modified_gmt":"2026-01-09T12:33:16","slug":"datenschutzrichtlinie","status":"publish","type":"page","link":"https:\/\/newstel.com\/de\/datenschutzrichtlinie\/","title":{"rendered":"Datenschutzrichtlinie"},"content":{"rendered":"\t\t<div data-elementor-type=\"wp-page\" data-elementor-id=\"2207\" class=\"elementor elementor-2207 elementor-3\" data-elementor-post-type=\"page\">\n\t\t\t\t\t\t<section class=\"elementor-section elementor-top-section elementor-element elementor-element-5792f9d1 elementor-section-boxed elementor-section-height-default elementor-section-height-default\" data-id=\"5792f9d1\" data-element_type=\"section\">\n\t\t\t\t\t\t<div class=\"elementor-container elementor-column-gap-default\">\n\t\t\t\t\t<div class=\"elementor-column elementor-col-100 elementor-top-column elementor-element elementor-element-4f3851da\" data-id=\"4f3851da\" data-element_type=\"column\">\n\t\t\t<div class=\"elementor-widget-wrap elementor-element-populated\">\n\t\t\t\t\t\t<div class=\"elementor-element elementor-element-59436218 elementor-widget elementor-widget-text-editor\" data-id=\"59436218\" data-element_type=\"widget\" data-widget_type=\"text-editor.default\">\n\t\t\t\t<div class=\"elementor-widget-container\">\n\t\t\t\t\t\t\t\t\t<p>Datum des Inkrafttretens: 01. November 2022<\/p>\n<p>Newstel GmbH (\u201ewir\u201c, \u201euns\u201c oder \u201eunser\u201c) betreibt die Website newstel.com (der \u201eDienst\u201c).<\/p>\n<p>Diese Seite informiert Sie \u00fcber unsere Richtlinien bez\u00fcglich der Erfassung, Verwendung und Weitergabe von pers\u00f6nlichen Daten bei der Nutzung unseres Dienstes sowie \u00fcber die Wahlm\u00f6glichkeiten, die Sie im Zusammenhang mit diesen Daten haben.<\/p>\n<p>Wir verwenden Ihre Daten zur Bereitstellung und Verbesserung des Dienstes. Durch die Nutzung des Dienstes erkl\u00e4ren Sie sich mit der Erfassung und Nutzung von Daten in \u00dcbereinstimmung mit dieser Richtlinie einverstanden. Sofern in dieser Datenschutzrichtlinie nicht anders definiert, haben die in dieser Datenschutzrichtlinie verwendeten Begriffe dieselbe Bedeutung wie in unseren Allgemeinen Gesch\u00e4ftsbedingungen, die unter newstel.com zu finden sind<\/p>\n<h3>Sammlung und Verwendung von Informationen<\/h3>\n<p>Wir sammeln verschiedene Arten von Informationen zu unterschiedlichen Zwecken, um Ihnen unseren Dienst anbieten und ihn verbessern zu k\u00f6nnen.<\/p>\n<h5>Arten von gesammelten Daten<\/h5>\n<h5>Personenbezogene Daten<\/h5>\n<p>W\u00e4hrend der Nutzung unseres Dienstes k\u00f6nnen wir Sie bitten, uns bestimmte personenbezogene Daten mitzuteilen, die verwendet werden k\u00f6nnen, um Sie zu kontaktieren oder zu identifizieren (\u201epersonenbezogene Daten\u201c). Zu den personenbezogenen Daten k\u00f6nnen unter anderem geh\u00f6ren:<\/p>\n<ul>\n<li>Cookies und Nutzungsdaten<\/li>\n<\/ul>\n<h5>Nutzungsdaten<\/h5>\n<p>Wir k\u00f6nnen auch Informationen dar\u00fcber sammeln, wie auf den Dienst zugegriffen und wie er genutzt wird (\u201eNutzungsdaten\u201c). Diese Nutzungsdaten k\u00f6nnen Informationen wie die Internetprotokolladresse Ihres Computers (z. B. IP-Adresse), den Browsertyp, die Browserversion, die von Ihnen besuchten Seiten unseres Dienstes, die Uhrzeit und das Datum Ihres Besuchs, die auf diesen Seiten verbrachte Zeit, eindeutige Ger\u00e4tekennungen sowie andere Diagnosedaten umfassen.<\/p>\n<h5>Tracking- und Cookies-Daten<\/h5>\n<p>Wir verwenden Cookies und \u00e4hnliche Tracking-Technologien, um die Aktivit\u00e4ten in unserem Dienst zu verfolgen und bestimmte Informationen zu speichern.<\/p>\n<p>Cookies sind kleine Dateien, die einen anonymen eindeutigen Identifikator enthalten k\u00f6nnen. Cookies werden von einer Website an Ihren Browser gesendet und auf Ihrem Ger\u00e4t gespeichert. Zu den verwendeten Tracking-Technologien geh\u00f6ren auch Beacons, Tags und Skripte, mit denen wir Informationen sammeln und verfolgen sowie unseren Dienst verbessern und analysieren.<\/p>\n<p>Sie k\u00f6nnen Ihren Browser so einrichten, dass alle Cookies abgelehnt werden oder dass er anzeigt, wenn ein Cookie gesendet wird. Wenn Sie jedoch keine Cookies akzeptieren, k\u00f6nnen Sie m\u00f6glicherweise einige Bereiche unseres Dienstes nicht nutzen.<\/p>\n<p>Beispiele f\u00fcr die von uns verwendeten Cookies:<\/p>\n<ul>\n<li>Sitzungs-Cookies. Wir verwenden Sitzungs-Cookies, um unseren Dienst zu betreiben.<\/li>\n<li>Pr\u00e4ferenz-Cookies. Wir verwenden Pr\u00e4ferenz-Cookies, um Ihre Pr\u00e4ferenzen und verschiedene Einstellungen zu speichern.<\/li>\n<li>Sicherheits-Cookies. Wir verwenden Sicherheits-Cookies f\u00fcr Sicherheitszwecke.<\/li>\n<li>Verwendung der Daten<\/li>\n<\/ul>\n<p>Die Newstel GmbH verwendet die gesammelten Daten f\u00fcr verschiedene Zwecke:<\/p>\n<ul>\n<li>Um den Dienst bereitzustellen und aufrechtzuerhalten<\/li>\n<li>Um Sie \u00fcber \u00c4nderungen an unserem Dienst zu informieren<\/li>\n<li>Um Ihnen die Teilnahme an interaktiven Funktionen unseres Dienstes zu erm\u00f6glichen, wenn Sie sich daf\u00fcr entscheiden<\/li>\n<li>Um Kundenbetreuung und -support anzubieten<\/li>\n<li>Um Analysen oder wertvolle Informationen bereitzustellen, damit wir den Dienst verbessern k\u00f6nnen<\/li>\n<li>Um die Nutzung des Dienstes zu \u00fcberwachen<\/li>\n<li>Um technische Probleme zu erkennen, zu verhindern und zu beheben<\/li>\n<\/ul>\n<h5>Weitergabe von Daten<\/h5>\n<p>Ihre Informationen, einschlie\u00dflich personenbezogener Daten, k\u00f6nnen an Computer au\u00dferhalb Ihres Staates, Ihrer Provinz, Ihres Landes oder anderer staatlicher Zust\u00e4ndigkeitsbereiche, in denen andere Datenschutzgesetze als in Ihrem Zust\u00e4ndigkeitsbereich gelten, \u00fcbertragen und dort gespeichert werden.<\/p>\n<p>Wenn Sie sich au\u00dferhalb Deutschlands befinden und sich entscheiden, uns Informationen zu \u00fcbermitteln, beachten Sie bitte, dass wir die Daten, einschlie\u00dflich personenbezogener Daten, nach Deutschland \u00fcbertragen und sie dort verarbeiten.<\/p>\n<p>Mit Ihrer Zustimmung zu dieser Datenschutzrichtlinie und der anschlie\u00dfenden Absendung solcher Informationen erkl\u00e4ren Sie sich mit dieser \u00dcbermittlung einverstanden.<\/p>\n<p>Die Newstel GmbH wird alle angemessenen Schritte unternehmen, um sicherzustellen, dass Ihre Daten sicher und in \u00dcbereinstimmung mit dieser Datenschutzrichtlinie behandelt werden. Es wird keine \u00dcbermittlung Ihrer personenbezogenen Daten an eine Organisation oder ein Land stattfinden, es sei denn, es sind angemessene Kontrollmechanismen zur Gew\u00e4hrleistung der Sicherheit Ihrer Daten und anderer pers\u00f6nlicher Informationen vorhanden.<\/p>\n<h3>Offenlegung von Daten<\/h3>\n<h5>Gesetzliche Anforderungen<\/h5>\n<p>Die Newstel GmbH kann Ihre personenbezogenen Daten offenlegen, wenn sie in gutem Glauben davon ausgeht, dass eine solche Ma\u00dfnahme notwendig ist, um:<\/p>\n<ul>\n<li>Einer gesetzlichen Verpflichtung nachzukommen<\/li>\n<li>Die Rechte oder das Eigentum der Newstel GmbH zu sch\u00fctzen und zu verteidigen<\/li>\n<li>M\u00f6gliches Fehlverhalten im Zusammenhang mit dem Dienst zu verhindern oder zu untersuchen<\/li>\n<li>Die pers\u00f6nliche Sicherheit der Nutzer des Dienstes oder der \u00d6ffentlichkeit zu sch\u00fctzen<\/li>\n<li>Vor rechtlicher Haftung zu sch\u00fctzen<\/li>\n<\/ul>\n<h5>Sicherheit der Daten<\/h5>\n<p>Die Sicherheit Ihrer Daten ist uns wichtig. Beachten Sie allerdings, dass keine Methode der \u00dcbertragung \u00fcber das Internet oder der elektronischen Speicherung zu 100 % sicher ist. Obwohl wir uns bem\u00fchen, Ihre personenbezogenen Daten mit kommerziell akzeptablen Mitteln zu sch\u00fctzen, k\u00f6nnen wir keine absolute Sicherheit garantieren.<\/p>\n<h5>Dienstanbieter<\/h5>\n<p>Wir k\u00f6nnen Drittunternehmen und Einzelpersonen damit beauftragen, unseren Dienst zu unterst\u00fctzen (\u201eDienstanbieter\u201c), den Dienst in unserem Namen bereitzustellen, dienstbezogene Dienstleistungen zu erbringen oder uns bei der Analyse der Nutzung unseres Dienstes zu unterst\u00fctzen.<\/p>\n<p>Diese Dritten haben nur Zugang zu Ihren personenbezogenen Daten, um diese Aufgaben in unserem Namen zu erf\u00fcllen, und sind verpflichtet, sie nicht f\u00fcr andere Zwecke zu verwenden.<\/p>\n<h5>Analyse<\/h5>\n<p>Wir k\u00f6nnen Drittanbieter einsetzen, um die Nutzung unseres Dienstes zu \u00fcberwachen und zu analysieren.<\/p>\n<h5>Google Analytics<\/h5>\n<p>Google Analytics ist ein von Google angebotener Webanalysedienst, der den Website-Verkehr verfolgt und berichtet. Google verwendet die erfassten Daten, um die Nutzung unseres Dienstes zu verfolgen und zu \u00fcberwachen. Diese Daten werden mit anderen Google-Diensten geteilt. Google kann die gesammelten Daten verwenden, um die Anzeigen des eigenen Werbenetzwerks zu kontextualisieren und zu personalisieren.<\/p>\n<p>Sie k\u00f6nnen sich gegen die Weitergabe Ihrer Dienstaktivit\u00e4ten an Google Analytics entscheiden, indem Sie das Browser-Add-on \u201eGoogle Analytics opt-out\u201c installieren. Dieses Add-on verhindert, dass das JavaScript von Google Analytics (ga.js, analytics.js und dc.js) Informationen \u00fcber die Besuchsaktivit\u00e4ten an Google Analytics weitergibt.<\/p>\n<p>Weitere Informationen \u00fcber die Datenschutzpraktiken von Google finden Sie auf der Website von Google zum Thema Datenschutz und Nutzungsbedingungen: <a href=\"https:\/\/policies.google.com\/privacy?hl=en\"><span style=\"color: #ff6666;\">https:\/\/policies.google.com\/privacy?hl=en<\/span><\/a><\/p>\n<h5>Links zu anderen Websites<\/h5>\n<p>Unser Dienst kann Links zu anderen Sites enthalten, die nicht von uns betrieben werden. Wenn Sie auf einen Link eines Drittanbieters klicken, werden Sie auf die Website dieses Drittanbieters weitergeleitet. Wir empfehlen Ihnen dringend, die Datenschutzrichtlinien jeder Seite, die Sie besuchen, zu lesen.<\/p>\n<p>Wir haben keine Kontrolle \u00fcber und \u00fcbernehmen keine Verantwortung f\u00fcr den Inhalt, die Datenschutzrichtlinien oder Praktiken von Websites oder Diensten Dritter.<\/p>\n<h5>Kinderschutz<\/h5>\n<p>Unser Dienst richtet sich nicht an Personen unter 18 Jahren (\u201eKinder\u201c).<\/p>\n<p>Wir sammeln nicht wissentlich pers\u00f6nlich identifizierbare Informationen von Personen unter 18 Jahren. Wenn Sie ein Elternteil oder Erziehungsberechtigter sind und wissen, dass Ihre Kinder uns personenbezogene Daten zur Verf\u00fcgung gestellt haben, kontaktieren Sie uns bitte. Wenn wir erfahren, dass wir personenbezogene Daten von Kindern ohne \u00dcberpr\u00fcfung der elterlichen Zustimmung erfasst haben, ergreifen wir Ma\u00dfnahmen, um diese Daten von unseren Servern zu entfernen.<\/p>\n<h5>\u00c4nderungen an dieser Datenschutzrichtlinie<\/h5>\n<p>Wir k\u00f6nnen unsere Datenschutzrichtlinie von Zeit zu Zeit aktualisieren. Wir werden Sie \u00fcber alle \u00c4nderungen informieren, indem wir die neue Datenschutzrichtlinie auf dieser Seite ver\u00f6ffentlichen.<\/p>\n<p>Wir informieren Sie per E-Mail und\/oder durch einen auff\u00e4lligen Hinweis in unserem Dienst, bevor die \u00c4nderung in Kraft tritt, und aktualisieren das \u201eDatum des Inkrafttretens\u201c am Anfang dieser Datenschutzrichtlinie.<\/p>\n<p>Wir empfehlen Ihnen, diese Datenschutzrichtlinie regelm\u00e4\u00dfig auf \u00c4nderungen zu \u00fcberpr\u00fcfen. \u00c4nderungen an dieser Datenschutzrichtlinie treten in Kraft, sobald sie auf dieser Seite ver\u00f6ffentlicht werden.<\/p>\n<h5>Kontaktieren Sie uns<\/h5>\n<p>Wenn Sie Fragen zu dieser Datenschutzrichtlinie haben, kontaktieren Sie uns bitte unter <span style=\"color: #ff6666;\"><a style=\"color: #ff6666;\" href=\"mailto:info@znmkpacu.elementor.cloud\">info@znmkpacu.elementor.cloud<\/a><\/span><\/p>\n\t\t\t\t\t\t\t\t<\/div>\n\t\t\t\t<\/div>\n\t\t\t\t\t<\/div>\n\t\t<\/div>\n\t\t\t\t\t<\/div>\n\t\t<\/section>\n\t\t\t\t<\/div>\n\t\t","protected":false},"excerpt":{"rendered":"<p>Datum des Inkrafttretens: 01. November 2022 Newstel GmbH (\u201ewir\u201c, \u201euns\u201c oder \u201eunser\u201c) betreibt die Website newstel.com (der \u201eDienst\u201c). Diese Seite informiert Sie \u00fcber unsere Richtlinien bez\u00fcglich der Erfassung, Verwendung und Weitergabe von pers\u00f6nlichen Daten bei der Nutzung unseres Dienstes sowie \u00fcber die Wahlm\u00f6glichkeiten, die Sie im Zusammenhang mit diesen Daten haben. Wir verwenden Ihre Daten [&hellip;]<\/p>\n","protected":false},"author":36,"featured_media":0,"parent":0,"menu_order":0,"comment_status":"closed","ping_status":"open","template":"elementor_header_footer","meta":{"_acf_changed":false,"_angie_page":false,"footnotes":""},"class_list":["post-2207","page","type-page","status-publish","hentry"],"acf":[],"yoast_head":"<!-- This site is optimized with the Yoast SEO plugin v27.4 - https:\/\/yoast.com\/product\/yoast-seo-wordpress\/ -->\n<title>Datenschutzrichtlinie<\/title>\n<meta name=\"description\" content=\"Informieren Sie sich dar\u00fcber, wie wir mit Ihren Daten umgehen. Unsere Datenschutzrichtlinie beschreibt unser Engagement f\u00fcr den Schutz Ihrer Daten und die Gew\u00e4hrleistung von Transparenz.\" \/>\n<meta name=\"robots\" content=\"index, follow, max-snippet:-1, max-image-preview:large, max-video-preview:-1\" \/>\n<link rel=\"canonical\" href=\"https:\/\/newstel.com\/de\/datenschutzrichtlinie\/\" \/>\n<meta property=\"og:locale\" content=\"de_DE\" \/>\n<meta property=\"og:type\" content=\"article\" \/>\n<meta property=\"og:title\" content=\"Datenschutzrichtlinie\" \/>\n<meta property=\"og:description\" content=\"Informieren Sie sich dar\u00fcber, wie wir mit Ihren Daten umgehen. Unsere Datenschutzrichtlinie beschreibt unser Engagement f\u00fcr den Schutz Ihrer Daten und die Gew\u00e4hrleistung von Transparenz.\" \/>\n<meta property=\"og:url\" content=\"https:\/\/newstel.com\/de\/datenschutzrichtlinie\/\" \/>\n<meta property=\"og:site_name\" content=\"Newstel\" \/>\n<meta property=\"article:publisher\" content=\"https:\/\/www.facebook.com\/NewstelWorldwide\/\" \/>\n<meta property=\"article:modified_time\" content=\"2026-01-09T12:33:16+00:00\" \/>\n<meta property=\"og:image\" content=\"https:\/\/newstel.com\/wp-content\/uploads\/2022\/07\/logo-newstel.png\" \/>\n\t<meta property=\"og:image:width\" content=\"1280\" \/>\n\t<meta property=\"og:image:height\" content=\"1280\" \/>\n\t<meta property=\"og:image:type\" content=\"image\/png\" \/>\n<meta name=\"twitter:card\" content=\"summary_large_image\" \/>\n<meta name=\"twitter:label1\" content=\"Gesch\u00e4tzte Lesezeit\" \/>\n\t<meta name=\"twitter:data1\" content=\"6\u00a0Minuten\" \/>\n<script type=\"application\/ld+json\" class=\"yoast-schema-graph\">{\"@context\":\"https:\\\/\\\/schema.org\",\"@graph\":[{\"@type\":\"WebPage\",\"@id\":\"https:\\\/\\\/newstel.com\\\/de\\\/datenschutzrichtlinie\\\/\",\"url\":\"https:\\\/\\\/newstel.com\\\/de\\\/datenschutzrichtlinie\\\/\",\"name\":\"Datenschutzrichtlinie\",\"isPartOf\":{\"@id\":\"https:\\\/\\\/newstel.com\\\/de\\\/#website\"},\"datePublished\":\"2022-06-30T14:57:52+00:00\",\"dateModified\":\"2026-01-09T12:33:16+00:00\",\"description\":\"Informieren Sie sich dar\u00fcber, wie wir mit Ihren Daten umgehen. Unsere Datenschutzrichtlinie beschreibt unser Engagement f\u00fcr den Schutz Ihrer Daten und die Gew\u00e4hrleistung von Transparenz.\",\"breadcrumb\":{\"@id\":\"https:\\\/\\\/newstel.com\\\/de\\\/datenschutzrichtlinie\\\/#breadcrumb\"},\"inLanguage\":\"de\",\"potentialAction\":[{\"@type\":\"ReadAction\",\"target\":[\"https:\\\/\\\/newstel.com\\\/de\\\/datenschutzrichtlinie\\\/\"]}]},{\"@type\":\"BreadcrumbList\",\"@id\":\"https:\\\/\\\/newstel.com\\\/de\\\/datenschutzrichtlinie\\\/#breadcrumb\",\"itemListElement\":[{\"@type\":\"ListItem\",\"position\":1,\"name\":\"Home\",\"item\":\"https:\\\/\\\/newstel.com\\\/de\\\/\"},{\"@type\":\"ListItem\",\"position\":2,\"name\":\"Datenschutzrichtlinie\"}]},{\"@type\":\"WebSite\",\"@id\":\"https:\\\/\\\/newstel.com\\\/de\\\/#website\",\"url\":\"https:\\\/\\\/newstel.com\\\/de\\\/\",\"name\":\"Newstel\",\"description\":\"Newstel\",\"publisher\":{\"@id\":\"https:\\\/\\\/newstel.com\\\/de\\\/#organization\"},\"potentialAction\":[{\"@type\":\"SearchAction\",\"target\":{\"@type\":\"EntryPoint\",\"urlTemplate\":\"https:\\\/\\\/newstel.com\\\/de\\\/?s={search_term_string}\"},\"query-input\":{\"@type\":\"PropertyValueSpecification\",\"valueRequired\":true,\"valueName\":\"search_term_string\"}}],\"inLanguage\":\"de\"},{\"@type\":\"Organization\",\"@id\":\"https:\\\/\\\/newstel.com\\\/de\\\/#organization\",\"name\":\"Newstel GmbH\",\"url\":\"https:\\\/\\\/newstel.com\\\/de\\\/\",\"logo\":{\"@type\":\"ImageObject\",\"inLanguage\":\"de\",\"@id\":\"https:\\\/\\\/newstel.com\\\/de\\\/#\\\/schema\\\/logo\\\/image\\\/\",\"url\":\"https:\\\/\\\/newstel.com\\\/wp-content\\\/uploads\\\/2022\\\/07\\\/logo.png\",\"contentUrl\":\"https:\\\/\\\/newstel.com\\\/wp-content\\\/uploads\\\/2022\\\/07\\\/logo.png\",\"width\":264,\"height\":246,\"caption\":\"Newstel GmbH\"},\"image\":{\"@id\":\"https:\\\/\\\/newstel.com\\\/de\\\/#\\\/schema\\\/logo\\\/image\\\/\"},\"sameAs\":[\"https:\\\/\\\/www.facebook.com\\\/NewstelWorldwide\\\/\",\"https:\\\/\\\/de.linkedin.com\\\/company\\\/newstel-gmbh\"]}]}<\/script>\n<!-- \/ Yoast SEO plugin. -->","yoast_head_json":{"title":"Datenschutzrichtlinie","description":"Informieren Sie sich dar\u00fcber, wie wir mit Ihren Daten umgehen. Unsere Datenschutzrichtlinie beschreibt unser Engagement f\u00fcr den Schutz Ihrer Daten und die Gew\u00e4hrleistung von Transparenz.","robots":{"index":"index","follow":"follow","max-snippet":"max-snippet:-1","max-image-preview":"max-image-preview:large","max-video-preview":"max-video-preview:-1"},"canonical":"https:\/\/newstel.com\/de\/datenschutzrichtlinie\/","og_locale":"de_DE","og_type":"article","og_title":"Datenschutzrichtlinie","og_description":"Informieren Sie sich dar\u00fcber, wie wir mit Ihren Daten umgehen. Unsere Datenschutzrichtlinie beschreibt unser Engagement f\u00fcr den Schutz Ihrer Daten und die Gew\u00e4hrleistung von Transparenz.","og_url":"https:\/\/newstel.com\/de\/datenschutzrichtlinie\/","og_site_name":"Newstel","article_publisher":"https:\/\/www.facebook.com\/NewstelWorldwide\/","article_modified_time":"2026-01-09T12:33:16+00:00","og_image":[{"width":1280,"height":1280,"url":"https:\/\/newstel.com\/wp-content\/uploads\/2022\/07\/logo-newstel.png","type":"image\/png"}],"twitter_card":"summary_large_image","twitter_misc":{"Gesch\u00e4tzte Lesezeit":"6\u00a0Minuten"},"schema":{"@context":"https:\/\/schema.org","@graph":[{"@type":"WebPage","@id":"https:\/\/newstel.com\/de\/datenschutzrichtlinie\/","url":"https:\/\/newstel.com\/de\/datenschutzrichtlinie\/","name":"Datenschutzrichtlinie","isPartOf":{"@id":"https:\/\/newstel.com\/de\/#website"},"datePublished":"2022-06-30T14:57:52+00:00","dateModified":"2026-01-09T12:33:16+00:00","description":"Informieren Sie sich dar\u00fcber, wie wir mit Ihren Daten umgehen. Unsere Datenschutzrichtlinie beschreibt unser Engagement f\u00fcr den Schutz Ihrer Daten und die Gew\u00e4hrleistung von Transparenz.","breadcrumb":{"@id":"https:\/\/newstel.com\/de\/datenschutzrichtlinie\/#breadcrumb"},"inLanguage":"de","potentialAction":[{"@type":"ReadAction","target":["https:\/\/newstel.com\/de\/datenschutzrichtlinie\/"]}]},{"@type":"BreadcrumbList","@id":"https:\/\/newstel.com\/de\/datenschutzrichtlinie\/#breadcrumb","itemListElement":[{"@type":"ListItem","position":1,"name":"Home","item":"https:\/\/newstel.com\/de\/"},{"@type":"ListItem","position":2,"name":"Datenschutzrichtlinie"}]},{"@type":"WebSite","@id":"https:\/\/newstel.com\/de\/#website","url":"https:\/\/newstel.com\/de\/","name":"Newstel","description":"Newstel","publisher":{"@id":"https:\/\/newstel.com\/de\/#organization"},"potentialAction":[{"@type":"SearchAction","target":{"@type":"EntryPoint","urlTemplate":"https:\/\/newstel.com\/de\/?s={search_term_string}"},"query-input":{"@type":"PropertyValueSpecification","valueRequired":true,"valueName":"search_term_string"}}],"inLanguage":"de"},{"@type":"Organization","@id":"https:\/\/newstel.com\/de\/#organization","name":"Newstel GmbH","url":"https:\/\/newstel.com\/de\/","logo":{"@type":"ImageObject","inLanguage":"de","@id":"https:\/\/newstel.com\/de\/#\/schema\/logo\/image\/","url":"https:\/\/newstel.com\/wp-content\/uploads\/2022\/07\/logo.png","contentUrl":"https:\/\/newstel.com\/wp-content\/uploads\/2022\/07\/logo.png","width":264,"height":246,"caption":"Newstel GmbH"},"image":{"@id":"https:\/\/newstel.com\/de\/#\/schema\/logo\/image\/"},"sameAs":["https:\/\/www.facebook.com\/NewstelWorldwide\/","https:\/\/de.linkedin.com\/company\/newstel-gmbh"]}]}},"_links":{"self":[{"href":"https:\/\/newstel.com\/de\/wp-json\/wp\/v2\/pages\/2207","targetHints":{"allow":["GET"]}}],"collection":[{"href":"https:\/\/newstel.com\/de\/wp-json\/wp\/v2\/pages"}],"about":[{"href":"https:\/\/newstel.com\/de\/wp-json\/wp\/v2\/types\/page"}],"author":[{"embeddable":true,"href":"https:\/\/newstel.com\/de\/wp-json\/wp\/v2\/users\/36"}],"replies":[{"embeddable":true,"href":"https:\/\/newstel.com\/de\/wp-json\/wp\/v2\/comments?post=2207"}],"version-history":[{"count":1,"href":"https:\/\/newstel.com\/de\/wp-json\/wp\/v2\/pages\/2207\/revisions"}],"predecessor-version":[{"id":6952,"href":"https:\/\/newstel.com\/de\/wp-json\/wp\/v2\/pages\/2207\/revisions\/6952"}],"wp:attachment":[{"href":"https:\/\/newstel.com\/de\/wp-json\/wp\/v2\/media?parent=2207"}],"curies":[{"name":"wp","href":"https:\/\/api.w.org\/{rel}","templated":true}]}}