{"id":2210,"date":"2022-10-29T19:12:14","date_gmt":"2022-10-29T19:12:14","guid":{"rendered":"https:\/\/newstel.com\/allgemeine-geschaeftsbedingungen\/"},"modified":"2026-01-09T12:27:11","modified_gmt":"2026-01-09T12:27:11","slug":"allgemeine-geschaeftsbedingungen","status":"publish","type":"page","link":"https:\/\/newstel.com\/de\/allgemeine-geschaeftsbedingungen\/","title":{"rendered":"Allgemeine Gesch\u00e4ftsbedingungen"},"content":{"rendered":"\t\t<div data-elementor-type=\"wp-page\" data-elementor-id=\"2210\" class=\"elementor elementor-2210 elementor-471\" data-elementor-post-type=\"page\">\n\t\t\t\t\t\t<section class=\"elementor-section elementor-top-section elementor-element elementor-element-661c5c9 elementor-section-boxed elementor-section-height-default elementor-section-height-default\" data-id=\"661c5c9\" data-element_type=\"section\">\n\t\t\t\t\t\t<div class=\"elementor-container elementor-column-gap-default\">\n\t\t\t\t\t<div class=\"elementor-column elementor-col-100 elementor-top-column elementor-element elementor-element-3d204ce\" data-id=\"3d204ce\" data-element_type=\"column\">\n\t\t\t<div class=\"elementor-widget-wrap elementor-element-populated\">\n\t\t\t\t\t\t<div class=\"elementor-element elementor-element-56d1747 elementor-widget elementor-widget-text-editor\" data-id=\"56d1747\" data-element_type=\"widget\" data-widget_type=\"text-editor.default\">\n\t\t\t\t<div class=\"elementor-widget-container\">\n\t\t\t\t\t\t\t\t\t<h5>Einf\u00fchrung<\/h5>\n<p>Diese Allgemeinen Gesch\u00e4ftsbedingungen (die \u201eBedingungen\u201c) regeln Ihre (\u201eSie&#8220;, \u201eIhr\u201c, \u201eIhre\u201c) Nutzung unserer Website f\u00fcr die Newstel GmbH, die unter newstel.com (die \u201eWebsite\u201c) zug\u00e4nglich ist.<\/p>\n<p>Diese Bedingungen werden in vollem Umfang angewendet und betreffen Ihre Nutzung dieser Website. Durch die Nutzung dieser Website erkl\u00e4ren Sie sich mit allen hier dargelegten Gesch\u00e4ftsbedingungen einverstanden. Sie d\u00fcrfen diese Website nicht nutzen, wenn Sie mit einer dieser Bedingungen nicht einverstanden sind.<\/p>\n<p>Minderj\u00e4hrigen oder Personen unter 18 Jahren ist die Nutzung dieser Website nicht gestattet.<\/p>\n<h5>Geistige Eigentumsrechte<\/h5>\n<p>Abgesehen von den Inhalten, deren Eigent\u00fcmer Sie sind, sind Newstel GmbH und\/oder ihre Lizenzgeber gem\u00e4\u00df diesen Bedingungen Eigent\u00fcmer aller geistigen Eigentumsrechte und Materialien, die auf dieser Website enthalten sind.<\/p>\n<p>Sie erhalten eine eingeschr\u00e4nkte Lizenz nur f\u00fcr die Zwecke der Betrachtung des auf dieser Website enthaltenen Materials.<\/p>\n<h5>Beschr\u00e4nkungen<\/h5>\n<p>Es ist Ihnen ausdr\u00fccklich untersagt, Folgendes zu tun:<\/p>\n<ul>\n<li>Die Ver\u00f6ffentlichung von Website-Materialien in anderen Medien;<\/li>\n<li>Verkauf, Unterlizenzierung und\/oder anderweitige Kommerzialisierung von Website-Materialien;<\/li>\n<li>\u00d6ffentliche Auff\u00fchrung und\/oder Vorf\u00fchrung von Website-Materialien;<\/li>\n<li>Nutzung dieser Website in einer Weise, die dieser Website schadet oder schaden k\u00f6nnte;<\/li>\n<li>Nutzung dieser Website in einer Weise, die den Zugang der Nutzer zu dieser Website beeintr\u00e4chtigt;<\/li>\n<li>Nutzung dieser Website im Widerspruch zu geltenden Gesetzen und Vorschriften oder in einer Weise, die der Website oder einer Person oder einem Unternehmen Schaden zuf\u00fcgen kann;<\/li>\n<li>Durchf\u00fchrung von Data Mining, Data Harvesting, Datenextraktion oder anderen \u00e4hnlichen Aktivit\u00e4ten in Bezug auf diese Website; und<\/li>\n<li>Nutzung dieser Website zu Werbe- oder Marketingzwecken.<\/li>\n<\/ul>\n<p>Der Zugriff auf bestimmte Bereiche dieser Website kann f\u00fcr Sie eingeschr\u00e4nkt sein. Die Newstel GmbH kann nach eigenem Ermessen jederzeit den Zugriff auf bestimmte Bereiche dieser Website f\u00fcr Sie einschr\u00e4nken. Alle Benutzer-IDs und Passw\u00f6rter, die Sie f\u00fcr diese Website haben, sind vertraulich und Sie m\u00fcssen diese Vertraulichkeit wahren.<\/p>\n<h5>Ihre Inhalte<\/h5>\n<p>Der Begriff \u201eIhre Inhalte\u201c bezeichnet in diesen Allgemeinen Gesch\u00e4ftsbedingungen f\u00fcr die Website alle Audio-, Video-, Text-, Bild- oder sonstigen Materialien, die Sie auf dieser Website anzeigen m\u00f6chten. Durch die Anzeige Ihrer Inhalte gew\u00e4hren Sie der Newstel GmbH eine nicht-exklusive, weltweite, unwiderrufliche und unterlizenzierbare Lizenz zur Nutzung, Reproduktion, Anpassung, Ver\u00f6ffentlichung, \u00dcbersetzung und Verbreitung in allen Medien.<\/p>\n<p>Ihr Inhalt muss Ihr eigener sein und darf nicht die Rechte Dritter verletzen. Die Newstel GmbH beh\u00e4lt sich das Recht vor, Ihre Inhalte jederzeit und ohne Vorank\u00fcndigung von dieser Website zu entfernen.<\/p>\n<h5>Gew\u00e4hrleistungsausschluss<\/h5>\n<p>Diese Website wird ohne M\u00e4ngelgew\u00e4hr zur Verf\u00fcgung gestellt, und die Newstel GmbH gibt keine Zusicherungen oder Gew\u00e4hrleistungen jeglicher Art in Bezug auf diese Website oder die auf dieser Website enthaltenen Materialien. Dar\u00fcber hinaus d\u00fcrfen keine auf dieser Website enthaltenen Materialien als Beratung f\u00fcr Sie ausgelegt werden.<\/p>\n<h5>Haftungsbegrenzung<\/h5>\n<p>Weder die Newstel GmbH noch ihre leitenden Angestellten, Direktoren und Mitarbeiter k\u00f6nnen f\u00fcr irgendetwas haftbar gemacht werden, das sich aus Ihrer Nutzung dieser Website ergibt oder in irgendeiner Weise damit verbunden ist, unabh\u00e4ngig davon, ob eine solche Haftung vertraglich begr\u00fcndet ist. Die Newstel GmbH, einschlie\u00dflich ihrer leitenden Angestellten, Direktoren und Mitarbeiter, ist nicht haftbar f\u00fcr indirekte, Folge- oder Sonderhaftung, die sich aus der Nutzung dieser Website durch Sie ergibt oder in irgendeiner Weise damit verbunden ist.<\/p>\n<h5>Entsch\u00e4digung<\/h5>\n<p>Sie stellen hiermit die Newstel GmbH in vollem Umfang von jeglicher Haftung, Kosten, Forderungen, Klagegr\u00fcnden, Sch\u00e4den und Ausgaben frei, die in irgendeiner Weise im Zusammenhang mit Ihrem Versto\u00df gegen eine der Bestimmungen dieser Bedingungen entstehen.<\/p>\n<h5>Trennbarkeit<\/h5>\n<p>Sollte sich eine Bestimmung dieser Bedingungen nach geltendem Recht als ung\u00fcltig erweisen, werden diese Bestimmungen gestrichen, ohne dass die \u00fcbrigen Bestimmungen hiervon ber\u00fchrt werden.<\/p>\n<h5>\u00c4nderung der Bedingungen<\/h5>\n<p>Die Newstel GmbH ist berechtigt, diese Bedingungen jederzeit nach eigenem Ermessen zu \u00e4ndern. Durch die Nutzung dieser Website wird von Ihnen erwartet, dass Sie diese Bedingungen regelm\u00e4\u00dfig \u00fcberpr\u00fcfen.<\/p>\n<h5>Abtretung<\/h5>\n<p>Die Newstel GmbH ist berechtigt, ihre Rechte und\/oder Verpflichtungen im Rahmen dieser Bedingungen ohne jegliche Benachrichtigung abzutreten, zu \u00fcbertragen und Unterauftr\u00e4ge zu vergeben. Es ist Ihnen jedoch nicht gestattet, Ihre Rechte und\/oder Pflichten aus diesen Bedingungen abzutreten, zu \u00fcbertragen oder unterzuvergeben.<\/p>\n<h5>Gesamte Vereinbarung<\/h5>\n<p>Diese Bedingungen stellen die gesamte Vereinbarung zwischen der Newstel GmbH und Ihnen in Bezug auf Ihre Nutzung dieser Website dar und ersetzen alle vorherigen Vereinbarungen und Absprachen.<\/p>\n<h5>Geltendes Recht und Gerichtbarkeit<\/h5>\n<p>Diese Bedingungen unterliegen den Gesetzen der Bundesrepublik Deutschland und werden in \u00dcbereinstimmung mit diesen Gesetzen ausgelegt. Sie unterwerfen sich der nicht ausschlie\u00dflichen Zust\u00e4ndigkeit der dort ans\u00e4ssigen Landes- und Bundesgerichte f\u00fcr die Beilegung von Streitigkeiten.<\/p>\n\t\t\t\t\t\t\t\t<\/div>\n\t\t\t\t<\/div>\n\t\t\t\t\t<\/div>\n\t\t<\/div>\n\t\t\t\t\t<\/div>\n\t\t<\/section>\n\t\t\t\t<section class=\"elementor-section elementor-top-section elementor-element elementor-element-b853074 elementor-section-boxed elementor-section-height-default elementor-section-height-default\" data-id=\"b853074\" data-element_type=\"section\">\n\t\t\t\t\t\t<div class=\"elementor-container elementor-column-gap-default\">\n\t\t\t\t\t<div class=\"elementor-column elementor-col-100 elementor-top-column elementor-element elementor-element-07bacf9\" data-id=\"07bacf9\" data-element_type=\"column\">\n\t\t\t<div class=\"elementor-widget-wrap\">\n\t\t\t\t\t\t\t<\/div>\n\t\t<\/div>\n\t\t\t\t\t<\/div>\n\t\t<\/section>\n\t\t\t\t<\/div>\n\t\t","protected":false},"excerpt":{"rendered":"<p>Einf\u00fchrung Diese Allgemeinen Gesch\u00e4ftsbedingungen (die \u201eBedingungen\u201c) regeln Ihre (\u201eSie&#8220;, \u201eIhr\u201c, \u201eIhre\u201c) Nutzung unserer Website f\u00fcr die Newstel GmbH, die unter newstel.com (die \u201eWebsite\u201c) zug\u00e4nglich ist. Diese Bedingungen werden in vollem Umfang angewendet und betreffen Ihre Nutzung dieser Website. Durch die Nutzung dieser Website erkl\u00e4ren Sie sich mit allen hier dargelegten Gesch\u00e4ftsbedingungen einverstanden. Sie d\u00fcrfen diese [&hellip;]<\/p>\n","protected":false},"author":36,"featured_media":0,"parent":0,"menu_order":0,"comment_status":"closed","ping_status":"closed","template":"elementor_header_footer","meta":{"_acf_changed":false,"_angie_page":false,"footnotes":""},"class_list":["post-2210","page","type-page","status-publish","hentry"],"acf":[],"yoast_head":"<!-- This site is optimized with the Yoast SEO plugin v27.4 - https:\/\/yoast.com\/product\/yoast-seo-wordpress\/ -->\n<title>Allgemeine Gesch\u00e4ftsbedingungen<\/title>\n<meta name=\"description\" content=\"Newstels Bedingungen und Konditionen. Informieren Sie sich \u00fcber unsere Richtlinien zum Datenschutz, zur Nutzung von Inhalten und mehr. Ihre erste Anlaufstelle f\u00fcr Klarheit und Transparenz.\" \/>\n<meta name=\"robots\" content=\"index, follow, max-snippet:-1, max-image-preview:large, max-video-preview:-1\" \/>\n<link rel=\"canonical\" href=\"https:\/\/newstel.com\/de\/allgemeine-geschaeftsbedingungen\/\" \/>\n<meta property=\"og:locale\" content=\"de_DE\" \/>\n<meta property=\"og:type\" content=\"article\" \/>\n<meta property=\"og:title\" content=\"Allgemeine Gesch\u00e4ftsbedingungen\" \/>\n<meta property=\"og:description\" content=\"Newstels Bedingungen und Konditionen. Informieren Sie sich \u00fcber unsere Richtlinien zum Datenschutz, zur Nutzung von Inhalten und mehr. Ihre erste Anlaufstelle f\u00fcr Klarheit und Transparenz.\" \/>\n<meta property=\"og:url\" content=\"https:\/\/newstel.com\/de\/allgemeine-geschaeftsbedingungen\/\" \/>\n<meta property=\"og:site_name\" content=\"Newstel\" \/>\n<meta property=\"article:publisher\" content=\"https:\/\/www.facebook.com\/NewstelWorldwide\/\" \/>\n<meta property=\"article:modified_time\" content=\"2026-01-09T12:27:11+00:00\" \/>\n<meta property=\"og:image\" content=\"https:\/\/newstel.com\/wp-content\/uploads\/2022\/07\/logo-newstel-300x300.png\" \/>\n<meta name=\"twitter:card\" content=\"summary_large_image\" \/>\n<meta name=\"twitter:label1\" content=\"Gesch\u00e4tzte Lesezeit\" \/>\n\t<meta name=\"twitter:data1\" content=\"4\u00a0Minuten\" \/>\n<script type=\"application\/ld+json\" class=\"yoast-schema-graph\">{\"@context\":\"https:\\\/\\\/schema.org\",\"@graph\":[{\"@type\":\"WebPage\",\"@id\":\"https:\\\/\\\/newstel.com\\\/de\\\/allgemeine-geschaeftsbedingungen\\\/\",\"url\":\"https:\\\/\\\/newstel.com\\\/de\\\/allgemeine-geschaeftsbedingungen\\\/\",\"name\":\"Allgemeine Gesch\u00e4ftsbedingungen\",\"isPartOf\":{\"@id\":\"https:\\\/\\\/newstel.com\\\/de\\\/#website\"},\"datePublished\":\"2022-10-29T19:12:14+00:00\",\"dateModified\":\"2026-01-09T12:27:11+00:00\",\"description\":\"Newstels Bedingungen und Konditionen. Informieren Sie sich \u00fcber unsere Richtlinien zum Datenschutz, zur Nutzung von Inhalten und mehr. Ihre erste Anlaufstelle f\u00fcr Klarheit und Transparenz.\",\"breadcrumb\":{\"@id\":\"https:\\\/\\\/newstel.com\\\/de\\\/allgemeine-geschaeftsbedingungen\\\/#breadcrumb\"},\"inLanguage\":\"de\",\"potentialAction\":[{\"@type\":\"ReadAction\",\"target\":[\"https:\\\/\\\/newstel.com\\\/de\\\/allgemeine-geschaeftsbedingungen\\\/\"]}]},{\"@type\":\"BreadcrumbList\",\"@id\":\"https:\\\/\\\/newstel.com\\\/de\\\/allgemeine-geschaeftsbedingungen\\\/#breadcrumb\",\"itemListElement\":[{\"@type\":\"ListItem\",\"position\":1,\"name\":\"Home\",\"item\":\"https:\\\/\\\/newstel.com\\\/de\\\/\"},{\"@type\":\"ListItem\",\"position\":2,\"name\":\"Allgemeine Gesch\u00e4ftsbedingungen\"}]},{\"@type\":\"WebSite\",\"@id\":\"https:\\\/\\\/newstel.com\\\/de\\\/#website\",\"url\":\"https:\\\/\\\/newstel.com\\\/de\\\/\",\"name\":\"Newstel\",\"description\":\"Newstel\",\"publisher\":{\"@id\":\"https:\\\/\\\/newstel.com\\\/de\\\/#organization\"},\"potentialAction\":[{\"@type\":\"SearchAction\",\"target\":{\"@type\":\"EntryPoint\",\"urlTemplate\":\"https:\\\/\\\/newstel.com\\\/de\\\/?s={search_term_string}\"},\"query-input\":{\"@type\":\"PropertyValueSpecification\",\"valueRequired\":true,\"valueName\":\"search_term_string\"}}],\"inLanguage\":\"de\"},{\"@type\":\"Organization\",\"@id\":\"https:\\\/\\\/newstel.com\\\/de\\\/#organization\",\"name\":\"Newstel GmbH\",\"url\":\"https:\\\/\\\/newstel.com\\\/de\\\/\",\"logo\":{\"@type\":\"ImageObject\",\"inLanguage\":\"de\",\"@id\":\"https:\\\/\\\/newstel.com\\\/de\\\/#\\\/schema\\\/logo\\\/image\\\/\",\"url\":\"https:\\\/\\\/newstel.com\\\/wp-content\\\/uploads\\\/2022\\\/07\\\/logo.png\",\"contentUrl\":\"https:\\\/\\\/newstel.com\\\/wp-content\\\/uploads\\\/2022\\\/07\\\/logo.png\",\"width\":264,\"height\":246,\"caption\":\"Newstel GmbH\"},\"image\":{\"@id\":\"https:\\\/\\\/newstel.com\\\/de\\\/#\\\/schema\\\/logo\\\/image\\\/\"},\"sameAs\":[\"https:\\\/\\\/www.facebook.com\\\/NewstelWorldwide\\\/\",\"https:\\\/\\\/de.linkedin.com\\\/company\\\/newstel-gmbh\"]}]}<\/script>\n<!-- \/ Yoast SEO plugin. -->","yoast_head_json":{"title":"Allgemeine Gesch\u00e4ftsbedingungen","description":"Newstels Bedingungen und Konditionen. Informieren Sie sich \u00fcber unsere Richtlinien zum Datenschutz, zur Nutzung von Inhalten und mehr. Ihre erste Anlaufstelle f\u00fcr Klarheit und Transparenz.","robots":{"index":"index","follow":"follow","max-snippet":"max-snippet:-1","max-image-preview":"max-image-preview:large","max-video-preview":"max-video-preview:-1"},"canonical":"https:\/\/newstel.com\/de\/allgemeine-geschaeftsbedingungen\/","og_locale":"de_DE","og_type":"article","og_title":"Allgemeine Gesch\u00e4ftsbedingungen","og_description":"Newstels Bedingungen und Konditionen. Informieren Sie sich \u00fcber unsere Richtlinien zum Datenschutz, zur Nutzung von Inhalten und mehr. Ihre erste Anlaufstelle f\u00fcr Klarheit und Transparenz.","og_url":"https:\/\/newstel.com\/de\/allgemeine-geschaeftsbedingungen\/","og_site_name":"Newstel","article_publisher":"https:\/\/www.facebook.com\/NewstelWorldwide\/","article_modified_time":"2026-01-09T12:27:11+00:00","og_image":[{"url":"https:\/\/newstel.com\/wp-content\/uploads\/2022\/07\/logo-newstel-300x300.png","type":"","width":"","height":""}],"twitter_card":"summary_large_image","twitter_misc":{"Gesch\u00e4tzte Lesezeit":"4\u00a0Minuten"},"schema":{"@context":"https:\/\/schema.org","@graph":[{"@type":"WebPage","@id":"https:\/\/newstel.com\/de\/allgemeine-geschaeftsbedingungen\/","url":"https:\/\/newstel.com\/de\/allgemeine-geschaeftsbedingungen\/","name":"Allgemeine Gesch\u00e4ftsbedingungen","isPartOf":{"@id":"https:\/\/newstel.com\/de\/#website"},"datePublished":"2022-10-29T19:12:14+00:00","dateModified":"2026-01-09T12:27:11+00:00","description":"Newstels Bedingungen und Konditionen. Informieren Sie sich \u00fcber unsere Richtlinien zum Datenschutz, zur Nutzung von Inhalten und mehr. Ihre erste Anlaufstelle f\u00fcr Klarheit und Transparenz.","breadcrumb":{"@id":"https:\/\/newstel.com\/de\/allgemeine-geschaeftsbedingungen\/#breadcrumb"},"inLanguage":"de","potentialAction":[{"@type":"ReadAction","target":["https:\/\/newstel.com\/de\/allgemeine-geschaeftsbedingungen\/"]}]},{"@type":"BreadcrumbList","@id":"https:\/\/newstel.com\/de\/allgemeine-geschaeftsbedingungen\/#breadcrumb","itemListElement":[{"@type":"ListItem","position":1,"name":"Home","item":"https:\/\/newstel.com\/de\/"},{"@type":"ListItem","position":2,"name":"Allgemeine Gesch\u00e4ftsbedingungen"}]},{"@type":"WebSite","@id":"https:\/\/newstel.com\/de\/#website","url":"https:\/\/newstel.com\/de\/","name":"Newstel","description":"Newstel","publisher":{"@id":"https:\/\/newstel.com\/de\/#organization"},"potentialAction":[{"@type":"SearchAction","target":{"@type":"EntryPoint","urlTemplate":"https:\/\/newstel.com\/de\/?s={search_term_string}"},"query-input":{"@type":"PropertyValueSpecification","valueRequired":true,"valueName":"search_term_string"}}],"inLanguage":"de"},{"@type":"Organization","@id":"https:\/\/newstel.com\/de\/#organization","name":"Newstel GmbH","url":"https:\/\/newstel.com\/de\/","logo":{"@type":"ImageObject","inLanguage":"de","@id":"https:\/\/newstel.com\/de\/#\/schema\/logo\/image\/","url":"https:\/\/newstel.com\/wp-content\/uploads\/2022\/07\/logo.png","contentUrl":"https:\/\/newstel.com\/wp-content\/uploads\/2022\/07\/logo.png","width":264,"height":246,"caption":"Newstel GmbH"},"image":{"@id":"https:\/\/newstel.com\/de\/#\/schema\/logo\/image\/"},"sameAs":["https:\/\/www.facebook.com\/NewstelWorldwide\/","https:\/\/de.linkedin.com\/company\/newstel-gmbh"]}]}},"_links":{"self":[{"href":"https:\/\/newstel.com\/de\/wp-json\/wp\/v2\/pages\/2210","targetHints":{"allow":["GET"]}}],"collection":[{"href":"https:\/\/newstel.com\/de\/wp-json\/wp\/v2\/pages"}],"about":[{"href":"https:\/\/newstel.com\/de\/wp-json\/wp\/v2\/types\/page"}],"author":[{"embeddable":true,"href":"https:\/\/newstel.com\/de\/wp-json\/wp\/v2\/users\/36"}],"replies":[{"embeddable":true,"href":"https:\/\/newstel.com\/de\/wp-json\/wp\/v2\/comments?post=2210"}],"version-history":[{"count":1,"href":"https:\/\/newstel.com\/de\/wp-json\/wp\/v2\/pages\/2210\/revisions"}],"predecessor-version":[{"id":6925,"href":"https:\/\/newstel.com\/de\/wp-json\/wp\/v2\/pages\/2210\/revisions\/6925"}],"wp:attachment":[{"href":"https:\/\/newstel.com\/de\/wp-json\/wp\/v2\/media?parent=2210"}],"curies":[{"name":"wp","href":"https:\/\/api.w.org\/{rel}","templated":true}]}}