{"id":2348,"date":"2023-07-11T09:20:16","date_gmt":"2023-07-11T09:20:16","guid":{"rendered":"https:\/\/newstel.com\/impressum\/"},"modified":"2026-01-09T12:31:38","modified_gmt":"2026-01-09T12:31:38","slug":"impressum","status":"publish","type":"page","link":"https:\/\/newstel.com\/de\/impressum\/","title":{"rendered":"Impressum"},"content":{"rendered":"\t\t<div data-elementor-type=\"wp-page\" data-elementor-id=\"2348\" class=\"elementor elementor-2348 elementor-2228\" data-elementor-post-type=\"page\">\n\t\t\t\t\t\t<section class=\"elementor-section elementor-top-section elementor-element elementor-element-91f8730 elementor-section-boxed elementor-section-height-default elementor-section-height-default\" data-id=\"91f8730\" data-element_type=\"section\">\n\t\t\t\t\t\t<div class=\"elementor-container elementor-column-gap-default\">\n\t\t\t\t\t<div class=\"elementor-column elementor-col-100 elementor-top-column elementor-element elementor-element-e6b5b8f\" data-id=\"e6b5b8f\" data-element_type=\"column\">\n\t\t\t<div class=\"elementor-widget-wrap elementor-element-populated\">\n\t\t\t\t\t\t<div class=\"elementor-element elementor-element-c390c8c elementor-widget elementor-widget-text-editor\" data-id=\"c390c8c\" data-element_type=\"widget\" data-widget_type=\"text-editor.default\">\n\t\t\t\t<div class=\"elementor-widget-container\">\n\t\t\t\t\t\t\t\t\t<p><strong>Angaben gem\u00e4\u00df \u00a7 5 TMG:<\/strong><br \/>Firma: Newstel GmbH<br \/>Vertreten durch: Jonas Fandrey, Merle Oruzgani<br \/>Adresse: M\u00fcnsterstra\u00dfe 23-25, 22529 Hamburg, Deutschland<br \/>Telefon: +49 (0) 40 76757594<br \/>E-Mail: info@znmkpacu.elementor.cloud<\/p>\n<p><strong>Handelsregister:<\/strong><br \/>Registergericht: Amtsgericht Hamburg<br \/>Registernummer: HRB 137229<\/p>\n<p><strong>Haftungshinweis:<\/strong><br \/>Trotz sorgf\u00e4ltiger inhaltlicher Kontrolle \u00fcbernehmen wir keine Haftung f\u00fcr die Inhalte externer Links. F\u00fcr<br \/>den Inhalt der verlinkten Seiten sind ausschlie\u00dflich deren Betreiber verantwortlich.<\/p>\n<p><strong>Urheberrechtshinweis:<\/strong><br \/>Die durch die Seitenbetreiber erstellten Inhalte und Werke auf diesen Seiten unterliegen dem deutschen Urheberrecht.<br \/>Urheberrechtsgesetz. Die Vervielf\u00e4ltigung, Bearbeitung, Verbreitung und jede Art der Verwertung au\u00dferhalb der<br \/>Grenzen des Urheberrechts bed\u00fcrfen der schriftlichen Zustimmung des jeweiligen Autors bzw. Urhebers. Downloads und<br \/>Kopien dieser Seite sind nur f\u00fcr den privaten, nicht kommerziellen Gebrauch gestattet.<br \/><strong>Datenschutz:<\/strong><br \/>Informationen \u00fcber die Verarbeitung personenbezogener Daten finden Sie in unserer Datenschutzrichtlinie, die unter folgender Adresse abrufbar ist<br \/>auf dieser Website verf\u00fcgbar.<br \/><b>Hinweis gem\u00e4\u00df der Verordnung \u00fcber die Online-Streitbeilegung (ODR):<\/b><br \/>Die Europ\u00e4ische Kommission stellt eine Plattform f\u00fcr die Online-Streitbeilegung (OS) bereit, die Sie nutzen k\u00f6nnen<br \/>finden Sie unter https:\/\/ec.europa.eu\/consumers\/odr. Unsere E-Mail Adresse lautet: info@znmkpacu.elementor.cloud.<br \/>Wir sind nicht bereit oder verpflichtet, an einem Streitbeilegungsverfahren vor einem Verbraucher teilzunehmen.<br \/>Schlichtungsstelle.<br \/>Bitte beachten Sie auch unsere Allgemeinen Gesch\u00e4ftsbedingungen, die Sie auf dieser Website finden.<br \/>Datum: 15\/06\/2023<\/p>\n\t\t\t\t\t\t\t\t<\/div>\n\t\t\t\t<\/div>\n\t\t\t\t\t<\/div>\n\t\t<\/div>\n\t\t\t\t\t<\/div>\n\t\t<\/section>\n\t\t\t\t<\/div>\n\t\t","protected":false},"excerpt":{"rendered":"<p>Angaben gem\u00e4\u00df \u00a7 5 TMG:Firma: Newstel GmbHVertreten durch: Jonas Fandrey, Merle OruzganiAdresse: M\u00fcnsterstra\u00dfe 23-25, 22529 Hamburg, DeutschlandTelefon: +49 (0) 40 76757594E-Mail: info@znmkpacu.elementor.cloud Handelsregister:Registergericht: Amtsgericht HamburgRegisternummer: HRB 137229 Haftungshinweis:Trotz sorgf\u00e4ltiger inhaltlicher Kontrolle \u00fcbernehmen wir keine Haftung f\u00fcr die Inhalte externer Links. F\u00fcrden Inhalt der verlinkten Seiten sind ausschlie\u00dflich deren Betreiber verantwortlich. Urheberrechtshinweis:Die durch die Seitenbetreiber erstellten [&hellip;]<\/p>\n","protected":false},"author":36,"featured_media":0,"parent":0,"menu_order":0,"comment_status":"closed","ping_status":"closed","template":"elementor_header_footer","meta":{"_acf_changed":false,"_angie_page":false,"footnotes":""},"class_list":["post-2348","page","type-page","status-publish","hentry"],"acf":[],"yoast_head":"<!-- This site is optimized with the Yoast SEO plugin v27.4 - https:\/\/yoast.com\/product\/yoast-seo-wordpress\/ -->\n<title>Impressum<\/title>\n<meta name=\"description\" content=\"Rechtliche Informationen, Unternehmensangaben und Kontaktdaten finden Sie auf der Impressumsseite von Newstel. Informieren Sie sich \u00fcber unsere Verlagsrechte.\" \/>\n<meta name=\"robots\" content=\"index, follow, max-snippet:-1, max-image-preview:large, max-video-preview:-1\" \/>\n<link rel=\"canonical\" href=\"https:\/\/newstel.com\/de\/impressum\/\" \/>\n<meta property=\"og:locale\" content=\"de_DE\" \/>\n<meta property=\"og:type\" content=\"article\" \/>\n<meta property=\"og:title\" content=\"Impressum\" \/>\n<meta property=\"og:description\" content=\"Rechtliche Informationen, Unternehmensangaben und Kontaktdaten finden Sie auf der Impressumsseite von Newstel. Informieren Sie sich \u00fcber unsere Verlagsrechte.\" \/>\n<meta property=\"og:url\" content=\"https:\/\/newstel.com\/de\/impressum\/\" \/>\n<meta property=\"og:site_name\" content=\"Newstel\" \/>\n<meta property=\"article:publisher\" content=\"https:\/\/www.facebook.com\/NewstelWorldwide\/\" \/>\n<meta property=\"article:modified_time\" content=\"2026-01-09T12:31:38+00:00\" \/>\n<meta property=\"og:image\" content=\"https:\/\/newstel.com\/wp-content\/uploads\/2022\/07\/logo-newstel.png\" \/>\n\t<meta property=\"og:image:width\" content=\"1280\" \/>\n\t<meta property=\"og:image:height\" content=\"1280\" \/>\n\t<meta property=\"og:image:type\" content=\"image\/png\" \/>\n<meta name=\"twitter:card\" content=\"summary_large_image\" \/>\n<meta name=\"twitter:label1\" content=\"Gesch\u00e4tzte Lesezeit\" \/>\n\t<meta name=\"twitter:data1\" content=\"1\u00a0Minute\" \/>\n<script type=\"application\/ld+json\" class=\"yoast-schema-graph\">{\"@context\":\"https:\\\/\\\/schema.org\",\"@graph\":[{\"@type\":\"WebPage\",\"@id\":\"https:\\\/\\\/newstel.com\\\/de\\\/impressum\\\/\",\"url\":\"https:\\\/\\\/newstel.com\\\/de\\\/impressum\\\/\",\"name\":\"Impressum\",\"isPartOf\":{\"@id\":\"https:\\\/\\\/newstel.com\\\/de\\\/#website\"},\"datePublished\":\"2023-07-11T09:20:16+00:00\",\"dateModified\":\"2026-01-09T12:31:38+00:00\",\"description\":\"Rechtliche Informationen, Unternehmensangaben und Kontaktdaten finden Sie auf der Impressumsseite von Newstel. Informieren Sie sich \u00fcber unsere Verlagsrechte.\",\"breadcrumb\":{\"@id\":\"https:\\\/\\\/newstel.com\\\/de\\\/impressum\\\/#breadcrumb\"},\"inLanguage\":\"de\",\"potentialAction\":[{\"@type\":\"ReadAction\",\"target\":[\"https:\\\/\\\/newstel.com\\\/de\\\/impressum\\\/\"]}]},{\"@type\":\"BreadcrumbList\",\"@id\":\"https:\\\/\\\/newstel.com\\\/de\\\/impressum\\\/#breadcrumb\",\"itemListElement\":[{\"@type\":\"ListItem\",\"position\":1,\"name\":\"Home\",\"item\":\"https:\\\/\\\/newstel.com\\\/de\\\/\"},{\"@type\":\"ListItem\",\"position\":2,\"name\":\"Impressum\"}]},{\"@type\":\"WebSite\",\"@id\":\"https:\\\/\\\/newstel.com\\\/de\\\/#website\",\"url\":\"https:\\\/\\\/newstel.com\\\/de\\\/\",\"name\":\"Newstel\",\"description\":\"Newstel\",\"publisher\":{\"@id\":\"https:\\\/\\\/newstel.com\\\/de\\\/#organization\"},\"potentialAction\":[{\"@type\":\"SearchAction\",\"target\":{\"@type\":\"EntryPoint\",\"urlTemplate\":\"https:\\\/\\\/newstel.com\\\/de\\\/?s={search_term_string}\"},\"query-input\":{\"@type\":\"PropertyValueSpecification\",\"valueRequired\":true,\"valueName\":\"search_term_string\"}}],\"inLanguage\":\"de\"},{\"@type\":\"Organization\",\"@id\":\"https:\\\/\\\/newstel.com\\\/de\\\/#organization\",\"name\":\"Newstel GmbH\",\"url\":\"https:\\\/\\\/newstel.com\\\/de\\\/\",\"logo\":{\"@type\":\"ImageObject\",\"inLanguage\":\"de\",\"@id\":\"https:\\\/\\\/newstel.com\\\/de\\\/#\\\/schema\\\/logo\\\/image\\\/\",\"url\":\"https:\\\/\\\/newstel.com\\\/wp-content\\\/uploads\\\/2022\\\/07\\\/logo.png\",\"contentUrl\":\"https:\\\/\\\/newstel.com\\\/wp-content\\\/uploads\\\/2022\\\/07\\\/logo.png\",\"width\":264,\"height\":246,\"caption\":\"Newstel GmbH\"},\"image\":{\"@id\":\"https:\\\/\\\/newstel.com\\\/de\\\/#\\\/schema\\\/logo\\\/image\\\/\"},\"sameAs\":[\"https:\\\/\\\/www.facebook.com\\\/NewstelWorldwide\\\/\",\"https:\\\/\\\/de.linkedin.com\\\/company\\\/newstel-gmbh\"]}]}<\/script>\n<!-- \/ Yoast SEO plugin. -->","yoast_head_json":{"title":"Impressum","description":"Rechtliche Informationen, Unternehmensangaben und Kontaktdaten finden Sie auf der Impressumsseite von Newstel. Informieren Sie sich \u00fcber unsere Verlagsrechte.","robots":{"index":"index","follow":"follow","max-snippet":"max-snippet:-1","max-image-preview":"max-image-preview:large","max-video-preview":"max-video-preview:-1"},"canonical":"https:\/\/newstel.com\/de\/impressum\/","og_locale":"de_DE","og_type":"article","og_title":"Impressum","og_description":"Rechtliche Informationen, Unternehmensangaben und Kontaktdaten finden Sie auf der Impressumsseite von Newstel. Informieren Sie sich \u00fcber unsere Verlagsrechte.","og_url":"https:\/\/newstel.com\/de\/impressum\/","og_site_name":"Newstel","article_publisher":"https:\/\/www.facebook.com\/NewstelWorldwide\/","article_modified_time":"2026-01-09T12:31:38+00:00","og_image":[{"width":1280,"height":1280,"url":"https:\/\/newstel.com\/wp-content\/uploads\/2022\/07\/logo-newstel.png","type":"image\/png"}],"twitter_card":"summary_large_image","twitter_misc":{"Gesch\u00e4tzte Lesezeit":"1\u00a0Minute"},"schema":{"@context":"https:\/\/schema.org","@graph":[{"@type":"WebPage","@id":"https:\/\/newstel.com\/de\/impressum\/","url":"https:\/\/newstel.com\/de\/impressum\/","name":"Impressum","isPartOf":{"@id":"https:\/\/newstel.com\/de\/#website"},"datePublished":"2023-07-11T09:20:16+00:00","dateModified":"2026-01-09T12:31:38+00:00","description":"Rechtliche Informationen, Unternehmensangaben und Kontaktdaten finden Sie auf der Impressumsseite von Newstel. Informieren Sie sich \u00fcber unsere Verlagsrechte.","breadcrumb":{"@id":"https:\/\/newstel.com\/de\/impressum\/#breadcrumb"},"inLanguage":"de","potentialAction":[{"@type":"ReadAction","target":["https:\/\/newstel.com\/de\/impressum\/"]}]},{"@type":"BreadcrumbList","@id":"https:\/\/newstel.com\/de\/impressum\/#breadcrumb","itemListElement":[{"@type":"ListItem","position":1,"name":"Home","item":"https:\/\/newstel.com\/de\/"},{"@type":"ListItem","position":2,"name":"Impressum"}]},{"@type":"WebSite","@id":"https:\/\/newstel.com\/de\/#website","url":"https:\/\/newstel.com\/de\/","name":"Newstel","description":"Newstel","publisher":{"@id":"https:\/\/newstel.com\/de\/#organization"},"potentialAction":[{"@type":"SearchAction","target":{"@type":"EntryPoint","urlTemplate":"https:\/\/newstel.com\/de\/?s={search_term_string}"},"query-input":{"@type":"PropertyValueSpecification","valueRequired":true,"valueName":"search_term_string"}}],"inLanguage":"de"},{"@type":"Organization","@id":"https:\/\/newstel.com\/de\/#organization","name":"Newstel GmbH","url":"https:\/\/newstel.com\/de\/","logo":{"@type":"ImageObject","inLanguage":"de","@id":"https:\/\/newstel.com\/de\/#\/schema\/logo\/image\/","url":"https:\/\/newstel.com\/wp-content\/uploads\/2022\/07\/logo.png","contentUrl":"https:\/\/newstel.com\/wp-content\/uploads\/2022\/07\/logo.png","width":264,"height":246,"caption":"Newstel GmbH"},"image":{"@id":"https:\/\/newstel.com\/de\/#\/schema\/logo\/image\/"},"sameAs":["https:\/\/www.facebook.com\/NewstelWorldwide\/","https:\/\/de.linkedin.com\/company\/newstel-gmbh"]}]}},"_links":{"self":[{"href":"https:\/\/newstel.com\/de\/wp-json\/wp\/v2\/pages\/2348","targetHints":{"allow":["GET"]}}],"collection":[{"href":"https:\/\/newstel.com\/de\/wp-json\/wp\/v2\/pages"}],"about":[{"href":"https:\/\/newstel.com\/de\/wp-json\/wp\/v2\/types\/page"}],"author":[{"embeddable":true,"href":"https:\/\/newstel.com\/de\/wp-json\/wp\/v2\/users\/36"}],"replies":[{"embeddable":true,"href":"https:\/\/newstel.com\/de\/wp-json\/wp\/v2\/comments?post=2348"}],"version-history":[{"count":1,"href":"https:\/\/newstel.com\/de\/wp-json\/wp\/v2\/pages\/2348\/revisions"}],"predecessor-version":[{"id":4352,"href":"https:\/\/newstel.com\/de\/wp-json\/wp\/v2\/pages\/2348\/revisions\/4352"}],"wp:attachment":[{"href":"https:\/\/newstel.com\/de\/wp-json\/wp\/v2\/media?parent=2348"}],"curies":[{"name":"wp","href":"https:\/\/api.w.org\/{rel}","templated":true}]}}