{"id":5998,"date":"2023-07-11T09:20:16","date_gmt":"2023-07-11T09:20:16","guid":{"rendered":"https:\/\/newstel.com\/kunye\/"},"modified":"2025-10-22T11:49:47","modified_gmt":"2025-10-22T11:49:47","slug":"kunye","status":"publish","type":"page","link":"https:\/\/newstel.com\/tr\/kunye\/","title":{"rendered":"K\u00fcnye"},"content":{"rendered":"\t\t<div data-elementor-type=\"wp-page\" data-elementor-id=\"5998\" class=\"elementor elementor-5998 elementor-2228\" data-elementor-post-type=\"page\">\n\t\t\t\t\t\t<section class=\"elementor-section elementor-top-section elementor-element elementor-element-91f8730 elementor-section-boxed elementor-section-height-default elementor-section-height-default\" data-id=\"91f8730\" data-element_type=\"section\">\n\t\t\t\t\t\t<div class=\"elementor-container elementor-column-gap-default\">\n\t\t\t\t\t<div class=\"elementor-column elementor-col-100 elementor-top-column elementor-element elementor-element-e6b5b8f\" data-id=\"e6b5b8f\" data-element_type=\"column\">\n\t\t\t<div class=\"elementor-widget-wrap elementor-element-populated\">\n\t\t\t\t\t\t<div class=\"elementor-element elementor-element-c390c8c elementor-widget elementor-widget-text-editor\" data-id=\"c390c8c\" data-element_type=\"widget\" data-widget_type=\"text-editor.default\">\n\t\t\t\t<div class=\"elementor-widget-container\">\n\t\t\t\t\t\t\t\t\t<p><strong>\u00a7 5 TMG&#8217;ye (Alman Telemedya Yasas\u0131) g\u00f6re bilgiler:<\/strong><br>\u015eirket: Newstel GmbH<br>Temsil eden: Jonas Fandrey, Merle Oruzgani<br>Adres: M\u00fcnsterstra\u00dfe 23-25, 22529 Hamburg, Almanya<br>Tel: +49 (0) 40 76757594<br>E-posta: info@znmkpacu.elementor.cloud<\/p><p><strong>Ticaret Sicili:<\/strong><br>Tescil mahkemesi: Amtsgericht Hamburg<br>Kay\u0131t numaras\u0131: HRB 137229<\/p><p>Sorumluluk <strong>Bildirimi:<\/strong><br>Dikkatli i\u00e7erik kontrol\u00fcne ra\u011fmen, harici ba\u011flant\u0131lar\u0131n i\u00e7eri\u011fi i\u00e7in hi\u00e7bir sorumluluk kabul etmiyoruz. Ba\u011flant\u0131l\u0131 sayfalar\u0131n<br>operat\u00f6rleri i\u00e7eriklerinden tek ba\u015f\u0131na sorumludur. <\/p><p>Telif Hakk\u0131 Uyar\u0131s\u0131<strong>:<\/strong><br>Bu web sitesinde web sitesi operat\u00f6rleri taraf\u0131ndan olu\u015fturulan i\u00e7erik ve eserler Alman<br>telif hakk\u0131 yasas\u0131na tabidir. \u00c7o\u011faltma, d\u00fczenleme, da\u011f\u0131t\u0131m ve<br>telif hakk\u0131 s\u0131n\u0131rlar\u0131 d\u0131\u015f\u0131ndaki her t\u00fcrl\u00fc kullan\u0131m, ilgili yazar\u0131n veya yarat\u0131c\u0131n\u0131n yaz\u0131l\u0131 onay\u0131n\u0131 gerektirir. Bu sayfan\u0131n indirilmesine ve<br>kopyalar\u0131na yaln\u0131zca \u00f6zel, ticari olmayan kullan\u0131m i\u00e7in izin verilir.  <br><strong>Veri Koruma:<\/strong><br>Ki\u015fisel verilerin i\u015flenmesine ili\u015fkin bilgiler, bu web sitesinde<br>adresinde bulunan gizlilik politikam\u0131zda bulunabilir.<br><b>\u00c7evrimi\u00e7i Anla\u015fmazl\u0131k \u00c7\u00f6z\u00fcm\u00fc (ODR) Y\u00f6netmeli\u011fine g\u00f6re not:<\/b><br>Avrupa Komisyonu,<br>adresinde bulabilece\u011finiz \u00e7evrimi\u00e7i anla\u015fmazl\u0131k \u00e7\u00f6z\u00fcm\u00fc (ODR) i\u00e7in bir platform sa\u011flar https:\/\/ec.europa.eu\/consumers\/odr. E-posta adresimiz: info@znmkpacu.elementor.cloud.<br>Bir t\u00fcketici<br>hakem heyeti nezdinde uyu\u015fmazl\u0131k \u00e7\u00f6z\u00fcm\u00fc i\u015flemlerine kat\u0131lmaya istekli veya y\u00fck\u00fcml\u00fc de\u011filiz.<br>L\u00fctfen bu web sitesinde bulunan Genel H\u00fck\u00fcm ve Ko\u015fullar\u0131m\u0131z\u0131 da dikkate al\u0131n.<br>Tarih: 15\/06\/2023<\/p>\t\t\t\t\t\t\t\t<\/div>\n\t\t\t\t<\/div>\n\t\t\t\t\t<\/div>\n\t\t<\/div>\n\t\t\t\t\t<\/div>\n\t\t<\/section>\n\t\t\t\t<\/div>\n\t\t","protected":false},"excerpt":{"rendered":"<p>\u00a7 5 TMG&#8217;ye (Alman Telemedya Yasas\u0131) g\u00f6re bilgiler:\u015eirket: Newstel GmbHTemsil eden: Jonas Fandrey, Merle OruzganiAdres: M\u00fcnsterstra\u00dfe 23-25, 22529 Hamburg, AlmanyaTel: +49 (0) 40 76757594E-posta: info@znmkpacu.elementor.cloud Ticaret Sicili:Tescil mahkemesi: Amtsgericht HamburgKay\u0131t numaras\u0131: HRB 137229 Sorumluluk Bildirimi:Dikkatli i\u00e7erik kontrol\u00fcne ra\u011fmen, harici ba\u011flant\u0131lar\u0131n i\u00e7eri\u011fi i\u00e7in hi\u00e7bir sorumluluk kabul etmiyoruz. Ba\u011flant\u0131l\u0131 sayfalar\u0131noperat\u00f6rleri i\u00e7eriklerinden tek ba\u015f\u0131na sorumludur. Telif Hakk\u0131 Uyar\u0131s\u0131:Bu [&hellip;]<\/p>\n","protected":false},"author":36,"featured_media":0,"parent":0,"menu_order":0,"comment_status":"closed","ping_status":"closed","template":"elementor_header_footer","meta":{"_acf_changed":false,"_angie_page":false,"footnotes":""},"class_list":["post-5998","page","type-page","status-publish","hentry"],"acf":[],"yoast_head":"<!-- This site is optimized with the Yoast SEO plugin v27.4 - https:\/\/yoast.com\/product\/yoast-seo-wordpress\/ -->\n<title>K\u00fcnye<\/title>\n<meta name=\"description\" content=\"Newstel&#039;in k\u00fcnye sayfas\u0131nda yasal bilgileri, \u015firket ayr\u0131nt\u0131lar\u0131n\u0131 ve ileti\u015fim verilerini bulun. Yay\u0131nc\u0131l\u0131k kimlik bilgilerimiz hakk\u0131nda bilgi sahibi olun.\" \/>\n<meta name=\"robots\" content=\"index, follow, max-snippet:-1, max-image-preview:large, max-video-preview:-1\" \/>\n<link rel=\"canonical\" href=\"https:\/\/newstel.com\/tr\/kunye\/\" \/>\n<meta property=\"og:locale\" content=\"tr_TR\" \/>\n<meta property=\"og:type\" content=\"article\" \/>\n<meta property=\"og:title\" content=\"K\u00fcnye\" \/>\n<meta property=\"og:description\" content=\"Newstel&#039;in k\u00fcnye sayfas\u0131nda yasal bilgileri, \u015firket ayr\u0131nt\u0131lar\u0131n\u0131 ve ileti\u015fim verilerini bulun. Yay\u0131nc\u0131l\u0131k kimlik bilgilerimiz hakk\u0131nda bilgi sahibi olun.\" \/>\n<meta property=\"og:url\" content=\"https:\/\/newstel.com\/tr\/kunye\/\" \/>\n<meta property=\"og:site_name\" content=\"Newstel\" \/>\n<meta property=\"article:publisher\" content=\"https:\/\/www.facebook.com\/NewstelWorldwide\/\" \/>\n<meta property=\"article:modified_time\" content=\"2025-10-22T11:49:47+00:00\" \/>\n<meta property=\"og:image\" content=\"https:\/\/newstel.com\/wp-content\/uploads\/2022\/07\/logo-newstel-300x300.png\" \/>\n<meta name=\"twitter:card\" content=\"summary_large_image\" \/>\n<meta name=\"twitter:label1\" content=\"Tahmini okuma s\u00fcresi\" \/>\n\t<meta name=\"twitter:data1\" content=\"1 dakika\" \/>\n<script type=\"application\/ld+json\" class=\"yoast-schema-graph\">{\"@context\":\"https:\\\/\\\/schema.org\",\"@graph\":[{\"@type\":\"WebPage\",\"@id\":\"https:\\\/\\\/newstel.com\\\/tr\\\/kunye\\\/\",\"url\":\"https:\\\/\\\/newstel.com\\\/tr\\\/kunye\\\/\",\"name\":\"K\u00fcnye\",\"isPartOf\":{\"@id\":\"https:\\\/\\\/newstel.com\\\/tr\\\/#website\"},\"datePublished\":\"2023-07-11T09:20:16+00:00\",\"dateModified\":\"2025-10-22T11:49:47+00:00\",\"description\":\"Newstel'in k\u00fcnye sayfas\u0131nda yasal bilgileri, \u015firket ayr\u0131nt\u0131lar\u0131n\u0131 ve ileti\u015fim verilerini bulun. Yay\u0131nc\u0131l\u0131k kimlik bilgilerimiz hakk\u0131nda bilgi sahibi olun.\",\"breadcrumb\":{\"@id\":\"https:\\\/\\\/newstel.com\\\/tr\\\/kunye\\\/#breadcrumb\"},\"inLanguage\":\"tr\",\"potentialAction\":[{\"@type\":\"ReadAction\",\"target\":[\"https:\\\/\\\/newstel.com\\\/tr\\\/kunye\\\/\"]}]},{\"@type\":\"BreadcrumbList\",\"@id\":\"https:\\\/\\\/newstel.com\\\/tr\\\/kunye\\\/#breadcrumb\",\"itemListElement\":[{\"@type\":\"ListItem\",\"position\":1,\"name\":\"Home\",\"item\":\"https:\\\/\\\/newstel.com\\\/tr\\\/\"},{\"@type\":\"ListItem\",\"position\":2,\"name\":\"K\u00fcnye\"}]},{\"@type\":\"WebSite\",\"@id\":\"https:\\\/\\\/newstel.com\\\/tr\\\/#website\",\"url\":\"https:\\\/\\\/newstel.com\\\/tr\\\/\",\"name\":\"Newstel\",\"description\":\"Newstel\",\"publisher\":{\"@id\":\"https:\\\/\\\/newstel.com\\\/tr\\\/#organization\"},\"potentialAction\":[{\"@type\":\"SearchAction\",\"target\":{\"@type\":\"EntryPoint\",\"urlTemplate\":\"https:\\\/\\\/newstel.com\\\/tr\\\/?s={search_term_string}\"},\"query-input\":{\"@type\":\"PropertyValueSpecification\",\"valueRequired\":true,\"valueName\":\"search_term_string\"}}],\"inLanguage\":\"tr\"},{\"@type\":\"Organization\",\"@id\":\"https:\\\/\\\/newstel.com\\\/tr\\\/#organization\",\"name\":\"Newstel GmbH\",\"url\":\"https:\\\/\\\/newstel.com\\\/tr\\\/\",\"logo\":{\"@type\":\"ImageObject\",\"inLanguage\":\"tr\",\"@id\":\"https:\\\/\\\/newstel.com\\\/tr\\\/#\\\/schema\\\/logo\\\/image\\\/\",\"url\":\"https:\\\/\\\/newstel.com\\\/wp-content\\\/uploads\\\/2022\\\/07\\\/logo.png\",\"contentUrl\":\"https:\\\/\\\/newstel.com\\\/wp-content\\\/uploads\\\/2022\\\/07\\\/logo.png\",\"width\":264,\"height\":246,\"caption\":\"Newstel GmbH\"},\"image\":{\"@id\":\"https:\\\/\\\/newstel.com\\\/tr\\\/#\\\/schema\\\/logo\\\/image\\\/\"},\"sameAs\":[\"https:\\\/\\\/www.facebook.com\\\/NewstelWorldwide\\\/\",\"https:\\\/\\\/de.linkedin.com\\\/company\\\/newstel-gmbh\"]}]}<\/script>\n<!-- \/ Yoast SEO plugin. -->","yoast_head_json":{"title":"K\u00fcnye","description":"Newstel'in k\u00fcnye sayfas\u0131nda yasal bilgileri, \u015firket ayr\u0131nt\u0131lar\u0131n\u0131 ve ileti\u015fim verilerini bulun. Yay\u0131nc\u0131l\u0131k kimlik bilgilerimiz hakk\u0131nda bilgi sahibi olun.","robots":{"index":"index","follow":"follow","max-snippet":"max-snippet:-1","max-image-preview":"max-image-preview:large","max-video-preview":"max-video-preview:-1"},"canonical":"https:\/\/newstel.com\/tr\/kunye\/","og_locale":"tr_TR","og_type":"article","og_title":"K\u00fcnye","og_description":"Newstel'in k\u00fcnye sayfas\u0131nda yasal bilgileri, \u015firket ayr\u0131nt\u0131lar\u0131n\u0131 ve ileti\u015fim verilerini bulun. Yay\u0131nc\u0131l\u0131k kimlik bilgilerimiz hakk\u0131nda bilgi sahibi olun.","og_url":"https:\/\/newstel.com\/tr\/kunye\/","og_site_name":"Newstel","article_publisher":"https:\/\/www.facebook.com\/NewstelWorldwide\/","article_modified_time":"2025-10-22T11:49:47+00:00","og_image":[{"url":"https:\/\/newstel.com\/wp-content\/uploads\/2022\/07\/logo-newstel-300x300.png","type":"","width":"","height":""}],"twitter_card":"summary_large_image","twitter_misc":{"Tahmini okuma s\u00fcresi":"1 dakika"},"schema":{"@context":"https:\/\/schema.org","@graph":[{"@type":"WebPage","@id":"https:\/\/newstel.com\/tr\/kunye\/","url":"https:\/\/newstel.com\/tr\/kunye\/","name":"K\u00fcnye","isPartOf":{"@id":"https:\/\/newstel.com\/tr\/#website"},"datePublished":"2023-07-11T09:20:16+00:00","dateModified":"2025-10-22T11:49:47+00:00","description":"Newstel'in k\u00fcnye sayfas\u0131nda yasal bilgileri, \u015firket ayr\u0131nt\u0131lar\u0131n\u0131 ve ileti\u015fim verilerini bulun. Yay\u0131nc\u0131l\u0131k kimlik bilgilerimiz hakk\u0131nda bilgi sahibi olun.","breadcrumb":{"@id":"https:\/\/newstel.com\/tr\/kunye\/#breadcrumb"},"inLanguage":"tr","potentialAction":[{"@type":"ReadAction","target":["https:\/\/newstel.com\/tr\/kunye\/"]}]},{"@type":"BreadcrumbList","@id":"https:\/\/newstel.com\/tr\/kunye\/#breadcrumb","itemListElement":[{"@type":"ListItem","position":1,"name":"Home","item":"https:\/\/newstel.com\/tr\/"},{"@type":"ListItem","position":2,"name":"K\u00fcnye"}]},{"@type":"WebSite","@id":"https:\/\/newstel.com\/tr\/#website","url":"https:\/\/newstel.com\/tr\/","name":"Newstel","description":"Newstel","publisher":{"@id":"https:\/\/newstel.com\/tr\/#organization"},"potentialAction":[{"@type":"SearchAction","target":{"@type":"EntryPoint","urlTemplate":"https:\/\/newstel.com\/tr\/?s={search_term_string}"},"query-input":{"@type":"PropertyValueSpecification","valueRequired":true,"valueName":"search_term_string"}}],"inLanguage":"tr"},{"@type":"Organization","@id":"https:\/\/newstel.com\/tr\/#organization","name":"Newstel GmbH","url":"https:\/\/newstel.com\/tr\/","logo":{"@type":"ImageObject","inLanguage":"tr","@id":"https:\/\/newstel.com\/tr\/#\/schema\/logo\/image\/","url":"https:\/\/newstel.com\/wp-content\/uploads\/2022\/07\/logo.png","contentUrl":"https:\/\/newstel.com\/wp-content\/uploads\/2022\/07\/logo.png","width":264,"height":246,"caption":"Newstel GmbH"},"image":{"@id":"https:\/\/newstel.com\/tr\/#\/schema\/logo\/image\/"},"sameAs":["https:\/\/www.facebook.com\/NewstelWorldwide\/","https:\/\/de.linkedin.com\/company\/newstel-gmbh"]}]}},"_links":{"self":[{"href":"https:\/\/newstel.com\/tr\/wp-json\/wp\/v2\/pages\/5998","targetHints":{"allow":["GET"]}}],"collection":[{"href":"https:\/\/newstel.com\/tr\/wp-json\/wp\/v2\/pages"}],"about":[{"href":"https:\/\/newstel.com\/tr\/wp-json\/wp\/v2\/types\/page"}],"author":[{"embeddable":true,"href":"https:\/\/newstel.com\/tr\/wp-json\/wp\/v2\/users\/36"}],"replies":[{"embeddable":true,"href":"https:\/\/newstel.com\/tr\/wp-json\/wp\/v2\/comments?post=5998"}],"version-history":[{"count":3,"href":"https:\/\/newstel.com\/tr\/wp-json\/wp\/v2\/pages\/5998\/revisions"}],"predecessor-version":[{"id":6086,"href":"https:\/\/newstel.com\/tr\/wp-json\/wp\/v2\/pages\/5998\/revisions\/6086"}],"wp:attachment":[{"href":"https:\/\/newstel.com\/tr\/wp-json\/wp\/v2\/media?parent=5998"}],"curies":[{"name":"wp","href":"https:\/\/api.w.org\/{rel}","templated":true}]}}