{"id":6246,"date":"2022-10-29T19:12:14","date_gmt":"2022-10-29T19:12:14","guid":{"rendered":"https:\/\/newstel.com\/sartlar-ve-kosullar\/"},"modified":"2025-11-12T09:29:08","modified_gmt":"2025-11-12T09:29:08","slug":"sartlar-ve-kosullar","status":"publish","type":"page","link":"https:\/\/newstel.com\/tr\/sartlar-ve-kosullar\/","title":{"rendered":"\u015eartlar ve Ko\u015fullar"},"content":{"rendered":"\t\t<div data-elementor-type=\"wp-page\" data-elementor-id=\"6246\" class=\"elementor elementor-6246 elementor-471\" data-elementor-post-type=\"page\">\n\t\t\t\t\t\t<section class=\"elementor-section elementor-top-section elementor-element elementor-element-661c5c9 elementor-section-boxed elementor-section-height-default elementor-section-height-default\" data-id=\"661c5c9\" data-element_type=\"section\">\n\t\t\t\t\t\t<div class=\"elementor-container elementor-column-gap-default\">\n\t\t\t\t\t<div class=\"elementor-column elementor-col-100 elementor-top-column elementor-element elementor-element-3d204ce\" data-id=\"3d204ce\" data-element_type=\"column\">\n\t\t\t<div class=\"elementor-widget-wrap elementor-element-populated\">\n\t\t\t\t\t\t<div class=\"elementor-element elementor-element-56d1747 elementor-widget elementor-widget-text-editor\" data-id=\"56d1747\" data-element_type=\"widget\" data-widget_type=\"text-editor.default\">\n\t\t\t\t<div class=\"elementor-widget-container\">\n\t\t\t\t\t\t\t\t\t<h5>Giri\u015f<\/h5><p>Bu Standart H\u00fck\u00fcm ve Ko\u015fullar (&#8220;Ko\u015fullar&#8221;), newstel.com adresinden eri\u015filebilen Newstel GmbH web sitemizi (&#8220;Web Sitesi&#8221;) kullan\u0131m\u0131n\u0131z\u0131 (&#8220;Siz, &#8220;Sizin&#8221;) y\u00f6netir.<\/p><p>Bu \u015eartlar tamamen uygulan\u0131r ve bu Web Sitesini kullan\u0131m\u0131n\u0131z\u0131 etkiler. Bu Web Sitesini kullanarak, burada belirtilen t\u00fcm h\u00fck\u00fcm ve ko\u015fullar\u0131 kabul etmi\u015f olursunuz. Bu \u015eartlardan herhangi birine kat\u0131lm\u0131yorsan\u0131z, bu Web Sitesini kullanmamal\u0131s\u0131n\u0131z.  <\/p><p>Re\u015fit olmayanlar\u0131n veya 18 ya\u015f\u0131n alt\u0131ndaki ki\u015filerin bu Web Sitesini kullanmas\u0131na izin verilmez.<\/p><h5>Fikri M\u00fclkiyet Haklar\u0131<\/h5><p>Sahip oldu\u011funuz i\u00e7erik d\u0131\u015f\u0131nda, bu Ko\u015fullar uyar\u0131nca, Newstel GMBH ve\/veya lisans verenleri bu Web Sitesinde yer alan t\u00fcm fikri m\u00fclkiyet haklar\u0131na ve materyallere sahiptir.<\/p><p>Size yaln\u0131zca bu Web Sitesinde yer alan materyalleri g\u00f6r\u00fcnt\u00fclemek amac\u0131yla s\u0131n\u0131rl\u0131 bir lisans verilmektedir.<\/p><h5>K\u0131s\u0131tlamalar<\/h5><p>A\u015fa\u011f\u0131dakilerin t\u00fcm\u00fcnden \u00f6zellikle k\u0131s\u0131tlanm\u0131\u015f durumdas\u0131n\u0131z:<\/p><ul><li>Herhangi bir Web Sitesi materyalini ba\u015fka herhangi bir ortamda yay\u0131nlamak;<\/li><li>Herhangi bir Web Sitesi materyalini satmak, alt lisanslamak ve\/veya ba\u015fka bir \u015fekilde ticarile\u015ftirmek;<\/li><li>Herhangi bir Web Sitesi materyalini kamuya a\u00e7\u0131k olarak icra etmek ve\/veya g\u00f6stermek;<\/li><li>Bu Web Sitesini, bu Web Sitesine zarar veren veya verebilecek herhangi bir \u015fekilde kullanmak;<\/li><li>Bu Web Sitesini, kullan\u0131c\u0131lar\u0131n bu Web Sitesine eri\u015fimini etkileyecek herhangi bir \u015fekilde kullanmak;<\/li><li>Bu Web Sitesini y\u00fcr\u00fcrl\u00fckteki yasa ve y\u00f6netmeliklere ayk\u0131r\u0131 olarak veya herhangi bir \u015fekilde kullanmak Web Sitesine veya herhangi bir ki\u015fi veya ticari kurulu\u015fa zarar verebilir;<\/li><li>Bu Web Sitesi ile ilgili olarak herhangi bir veri madencili\u011fi, veri toplama, veri \u00e7\u0131karma veya di\u011fer benzer faaliyetlerde bulunmak; ve<\/li><li>Bu Web Sitesini herhangi bir reklam veya pazarlama faaliyetinde bulunmak i\u00e7in kullanmak.<\/li><\/ul><p>Bu Web Sitesinin belirli alanlar\u0131na eri\u015fiminiz k\u0131s\u0131tlanabilir ve Newstel GmbH, tamamen kendi takdirine ba\u011fl\u0131 olarak, herhangi bir zamanda bu Web Sitesinin herhangi bir alan\u0131na eri\u015fiminizi daha da k\u0131s\u0131tlayabilir. Bu Web Sitesi i\u00e7in sahip olabilece\u011finiz herhangi bir kullan\u0131c\u0131 kimli\u011fi ve \u015fifre gizlidir ve bu gizlili\u011fi korumal\u0131s\u0131n\u0131z. <\/p><h5>\u0130\u00e7eri\u011finiz<\/h5><p>Bu Web Sitesi Standart H\u00fck\u00fcm ve Ko\u015fullar\u0131nda, &#8220;\u0130\u00e7eri\u011finiz&#8221;, bu Web Sitesinde g\u00f6r\u00fcnt\u00fclemeyi se\u00e7ti\u011finiz herhangi bir ses, video metni, g\u00f6r\u00fcnt\u00fc veya di\u011fer materyal anlam\u0131na gelecektir. \u0130\u00e7eri\u011finizi g\u00f6r\u00fcnt\u00fcleyerek, Newstel GmbH&#8217;ye m\u00fcnhas\u0131r olmayan, d\u00fcnya \u00e7ap\u0131nda geri al\u0131namaz, alt lisans verilebilir bir kullan\u0131m, \u00e7o\u011faltma, uyarlama, yay\u0131nlama, terc\u00fcme etme ve her t\u00fcrl\u00fc ortamda da\u011f\u0131tma lisans\u0131 verirsiniz. <\/p><p>\u0130\u00e7eri\u011finiz size ait olmal\u0131 ve herhangi bir \u00fc\u00e7\u00fcnc\u00fc taraf\u0131n haklar\u0131n\u0131 ihlal etmemelidir. Newstel GmbH, \u0130\u00e7eri\u011finizden herhangi birini herhangi bir zamanda bildirimde bulunmaks\u0131z\u0131n bu Web Sitesinden kald\u0131rma hakk\u0131n\u0131 sakl\u0131 tutar. <\/p><h5>Garanti yok<\/h5><p>Bu Web Sitesi t\u00fcm hatalar\u0131yla birlikte &#8220;oldu\u011fu gibi&#8221; sa\u011flanmaktad\u0131r ve Newstel GmbH bu Web Sitesi veya bu Web Sitesinde yer alan materyallerle ilgili herhangi bir beyan veya garanti vermemektedir. Ayr\u0131ca, bu Web Sitesinde yer alan hi\u00e7bir \u015fey Size tavsiyede bulunuldu\u011fu \u015feklinde yorumlanamaz. <\/p><h5>Sorumlulu\u011fun s\u0131n\u0131rland\u0131r\u0131lmas\u0131<\/h5><p>Hi\u00e7bir durumda Newstel GmbH veya herhangi bir yetkilisi, y\u00f6neticisi ve \u00e7al\u0131\u015fan\u0131, bu Web Sitesini kullan\u0131m\u0131n\u0131zdan kaynaklanan veya herhangi bir \u015fekilde ba\u011flant\u0131l\u0131 olan herhangi bir \u015feyden, bu t\u00fcr bir sorumluluk s\u00f6zle\u015fme kapsam\u0131nda olup olmad\u0131\u011f\u0131na bak\u0131lmaks\u0131z\u0131n sorumlu tutulamaz. G\u00f6revlileri, y\u00f6neticileri ve \u00e7al\u0131\u015fanlar\u0131 da dahil olmak \u00fczere Newstel GmbH, bu Web Sitesini kullan\u0131m\u0131n\u0131zdan kaynaklanan veya herhangi bir \u015fekilde bununla ilgili olan herhangi bir dolayl\u0131, sonu\u00e7sal veya \u00f6zel sorumluluktan sorumlu tutulamaz. <\/p><h5>Tazminat<\/h5><p>Bu \u015eartlar\u0131n herhangi bir h\u00fckm\u00fcn\u00fc ihlal etmenizle ilgili olarak herhangi bir \u015fekilde ortaya \u00e7\u0131kan her t\u00fcrl\u00fc ve\/veya t\u00fcm y\u00fck\u00fcml\u00fcl\u00fck, maliyet, talep, dava nedeni, hasar ve masraflara kar\u015f\u0131 Newstel GmbH&#8217;yi tam olarak tazmin edersiniz.<\/p><h5>B\u00f6l\u00fcnebilirlik<\/h5><p>Bu Ko\u015fullar\u0131n herhangi bir h\u00fckm\u00fcn\u00fcn y\u00fcr\u00fcrl\u00fckteki herhangi bir yasa uyar\u0131nca ge\u00e7ersiz oldu\u011fu tespit edilirse, s\u00f6z konusu h\u00fck\u00fcmler burada yer alan di\u011fer h\u00fck\u00fcmleri etkilemeksizin silinecektir.<\/p><h5>Terimlerin De\u011fi\u015fimi<\/h5><p>Newstel GmbH, bu \u015eartlar\u0131 uygun g\u00f6rd\u00fc\u011f\u00fc herhangi bir zamanda revize edebilir ve bu Web Sitesini kullanarak bu \u015eartlar\u0131 d\u00fczenli olarak g\u00f6zden ge\u00e7irmeniz beklenir.<\/p><h5>G\u00f6revlendirme<\/h5><p>Newstel GmbH, bu Ko\u015fullar kapsam\u0131ndaki haklar\u0131n\u0131 ve\/veya y\u00fck\u00fcml\u00fcl\u00fcklerini herhangi bir bildirimde bulunmaks\u0131z\u0131n devretme, aktarma ve alt s\u00f6zle\u015fme yapma hakk\u0131na sahiptir. Ancak, bu Ko\u015fullar kapsam\u0131ndaki haklar\u0131n\u0131z\u0131 ve\/veya y\u00fck\u00fcml\u00fcl\u00fcklerinizi devretmenize, aktarman\u0131za veya alt s\u00f6zle\u015fme yapman\u0131za izin verilmez. <\/p><h5>T\u00fcm S\u00f6zle\u015fme<\/h5><p>Bu Ko\u015fullar, bu Web Sitesini kullan\u0131m\u0131n\u0131zla ilgili olarak Newstel GMBH ile Sizin aran\u0131zdaki anla\u015fman\u0131n tamam\u0131n\u0131 olu\u015fturur ve \u00f6nceki t\u00fcm anla\u015fmalar\u0131n ve mutabakatlar\u0131n yerine ge\u00e7er.<\/p><h5>Ge\u00e7erli Hukuk ve Yarg\u0131 Yetkisi<\/h5><p>Bu Ko\u015fullar Federal Almanya Cumhuriyeti Yasalar\u0131na tabi olacak ve bu yasalara g\u00f6re yorumlanacakt\u0131r ve herhangi bir anla\u015fmazl\u0131\u011f\u0131n \u00e7\u00f6z\u00fcm\u00fc i\u00e7in burada bulunan eyalet ve federal mahkemelerin m\u00fcnhas\u0131r olmayan yarg\u0131 yetkisini kabul edersiniz.<\/p>\t\t\t\t\t\t\t\t<\/div>\n\t\t\t\t<\/div>\n\t\t\t\t\t<\/div>\n\t\t<\/div>\n\t\t\t\t\t<\/div>\n\t\t<\/section>\n\t\t\t\t<section class=\"elementor-section elementor-top-section elementor-element elementor-element-b853074 elementor-section-boxed elementor-section-height-default elementor-section-height-default\" data-id=\"b853074\" data-element_type=\"section\">\n\t\t\t\t\t\t<div class=\"elementor-container elementor-column-gap-default\">\n\t\t\t\t\t<div class=\"elementor-column elementor-col-100 elementor-top-column elementor-element elementor-element-07bacf9\" data-id=\"07bacf9\" data-element_type=\"column\">\n\t\t\t<div class=\"elementor-widget-wrap\">\n\t\t\t\t\t\t\t<\/div>\n\t\t<\/div>\n\t\t\t\t\t<\/div>\n\t\t<\/section>\n\t\t\t\t<\/div>\n\t\t","protected":false},"excerpt":{"rendered":"<p>Giri\u015f Bu Standart H\u00fck\u00fcm ve Ko\u015fullar (&#8220;Ko\u015fullar&#8221;), newstel.com adresinden eri\u015filebilen Newstel GmbH web sitemizi (&#8220;Web Sitesi&#8221;) kullan\u0131m\u0131n\u0131z\u0131 (&#8220;Siz, &#8220;Sizin&#8221;) y\u00f6netir. Bu \u015eartlar tamamen uygulan\u0131r ve bu Web Sitesini kullan\u0131m\u0131n\u0131z\u0131 etkiler. Bu Web Sitesini kullanarak, burada belirtilen t\u00fcm h\u00fck\u00fcm ve ko\u015fullar\u0131 kabul etmi\u015f olursunuz. Bu \u015eartlardan herhangi birine kat\u0131lm\u0131yorsan\u0131z, bu Web Sitesini kullanmamal\u0131s\u0131n\u0131z. Re\u015fit olmayanlar\u0131n veya [&hellip;]<\/p>\n","protected":false},"author":36,"featured_media":0,"parent":0,"menu_order":0,"comment_status":"closed","ping_status":"closed","template":"elementor_header_footer","meta":{"_acf_changed":false,"_angie_page":false,"footnotes":""},"class_list":["post-6246","page","type-page","status-publish","hentry"],"acf":[],"yoast_head":"<!-- This site is optimized with the Yoast SEO plugin v27.4 - https:\/\/yoast.com\/product\/yoast-seo-wordpress\/ -->\n<title>\u015eartlar ve Ko\u015fullar<\/title>\n<meta name=\"description\" content=\"Newstel&#039;in h\u00fck\u00fcm ve ko\u015fullar\u0131. Gizlilik, i\u00e7erik kullan\u0131m\u0131 ve daha fazlas\u0131yla ilgili politikalar\u0131m\u0131z\u0131 ke\u015ffedin. A\u00e7\u0131kl\u0131k ve \u015feffafl\u0131k i\u00e7in ba\u015fvuraca\u011f\u0131n\u0131z kaynak.\" \/>\n<meta name=\"robots\" content=\"index, follow, max-snippet:-1, max-image-preview:large, max-video-preview:-1\" \/>\n<link rel=\"canonical\" href=\"https:\/\/newstel.com\/tr\/sartlar-ve-kosullar\/\" \/>\n<meta property=\"og:locale\" content=\"tr_TR\" \/>\n<meta property=\"og:type\" content=\"article\" \/>\n<meta property=\"og:title\" content=\"\u015eartlar ve Ko\u015fullar\" \/>\n<meta property=\"og:description\" content=\"Newstel&#039;in h\u00fck\u00fcm ve ko\u015fullar\u0131. Gizlilik, i\u00e7erik kullan\u0131m\u0131 ve daha fazlas\u0131yla ilgili politikalar\u0131m\u0131z\u0131 ke\u015ffedin. A\u00e7\u0131kl\u0131k ve \u015feffafl\u0131k i\u00e7in ba\u015fvuraca\u011f\u0131n\u0131z kaynak.\" \/>\n<meta property=\"og:url\" content=\"https:\/\/newstel.com\/tr\/sartlar-ve-kosullar\/\" \/>\n<meta property=\"og:site_name\" content=\"Newstel\" \/>\n<meta property=\"article:publisher\" content=\"https:\/\/www.facebook.com\/NewstelWorldwide\/\" \/>\n<meta property=\"article:modified_time\" content=\"2025-11-12T09:29:08+00:00\" \/>\n<meta property=\"og:image\" content=\"https:\/\/newstel.com\/wp-content\/uploads\/2022\/07\/logo-newstel-300x300.png\" \/>\n<meta name=\"twitter:card\" content=\"summary_large_image\" \/>\n<meta name=\"twitter:label1\" content=\"Tahmini okuma s\u00fcresi\" \/>\n\t<meta name=\"twitter:data1\" content=\"5 dakika\" \/>\n<script type=\"application\/ld+json\" class=\"yoast-schema-graph\">{\"@context\":\"https:\\\/\\\/schema.org\",\"@graph\":[{\"@type\":\"WebPage\",\"@id\":\"https:\\\/\\\/newstel.com\\\/tr\\\/sartlar-ve-kosullar\\\/\",\"url\":\"https:\\\/\\\/newstel.com\\\/tr\\\/sartlar-ve-kosullar\\\/\",\"name\":\"\u015eartlar ve Ko\u015fullar\",\"isPartOf\":{\"@id\":\"https:\\\/\\\/newstel.com\\\/tr\\\/#website\"},\"datePublished\":\"2022-10-29T19:12:14+00:00\",\"dateModified\":\"2025-11-12T09:29:08+00:00\",\"description\":\"Newstel'in h\u00fck\u00fcm ve ko\u015fullar\u0131. Gizlilik, i\u00e7erik kullan\u0131m\u0131 ve daha fazlas\u0131yla ilgili politikalar\u0131m\u0131z\u0131 ke\u015ffedin. A\u00e7\u0131kl\u0131k ve \u015feffafl\u0131k i\u00e7in ba\u015fvuraca\u011f\u0131n\u0131z kaynak.\",\"breadcrumb\":{\"@id\":\"https:\\\/\\\/newstel.com\\\/tr\\\/sartlar-ve-kosullar\\\/#breadcrumb\"},\"inLanguage\":\"tr\",\"potentialAction\":[{\"@type\":\"ReadAction\",\"target\":[\"https:\\\/\\\/newstel.com\\\/tr\\\/sartlar-ve-kosullar\\\/\"]}]},{\"@type\":\"BreadcrumbList\",\"@id\":\"https:\\\/\\\/newstel.com\\\/tr\\\/sartlar-ve-kosullar\\\/#breadcrumb\",\"itemListElement\":[{\"@type\":\"ListItem\",\"position\":1,\"name\":\"Home\",\"item\":\"https:\\\/\\\/newstel.com\\\/tr\\\/\"},{\"@type\":\"ListItem\",\"position\":2,\"name\":\"\u015eartlar ve Ko\u015fullar\"}]},{\"@type\":\"WebSite\",\"@id\":\"https:\\\/\\\/newstel.com\\\/tr\\\/#website\",\"url\":\"https:\\\/\\\/newstel.com\\\/tr\\\/\",\"name\":\"Newstel\",\"description\":\"Newstel\",\"publisher\":{\"@id\":\"https:\\\/\\\/newstel.com\\\/tr\\\/#organization\"},\"potentialAction\":[{\"@type\":\"SearchAction\",\"target\":{\"@type\":\"EntryPoint\",\"urlTemplate\":\"https:\\\/\\\/newstel.com\\\/tr\\\/?s={search_term_string}\"},\"query-input\":{\"@type\":\"PropertyValueSpecification\",\"valueRequired\":true,\"valueName\":\"search_term_string\"}}],\"inLanguage\":\"tr\"},{\"@type\":\"Organization\",\"@id\":\"https:\\\/\\\/newstel.com\\\/tr\\\/#organization\",\"name\":\"Newstel GmbH\",\"url\":\"https:\\\/\\\/newstel.com\\\/tr\\\/\",\"logo\":{\"@type\":\"ImageObject\",\"inLanguage\":\"tr\",\"@id\":\"https:\\\/\\\/newstel.com\\\/tr\\\/#\\\/schema\\\/logo\\\/image\\\/\",\"url\":\"https:\\\/\\\/newstel.com\\\/wp-content\\\/uploads\\\/2022\\\/07\\\/logo.png\",\"contentUrl\":\"https:\\\/\\\/newstel.com\\\/wp-content\\\/uploads\\\/2022\\\/07\\\/logo.png\",\"width\":264,\"height\":246,\"caption\":\"Newstel GmbH\"},\"image\":{\"@id\":\"https:\\\/\\\/newstel.com\\\/tr\\\/#\\\/schema\\\/logo\\\/image\\\/\"},\"sameAs\":[\"https:\\\/\\\/www.facebook.com\\\/NewstelWorldwide\\\/\",\"https:\\\/\\\/de.linkedin.com\\\/company\\\/newstel-gmbh\"]}]}<\/script>\n<!-- \/ Yoast SEO plugin. -->","yoast_head_json":{"title":"\u015eartlar ve Ko\u015fullar","description":"Newstel'in h\u00fck\u00fcm ve ko\u015fullar\u0131. Gizlilik, i\u00e7erik kullan\u0131m\u0131 ve daha fazlas\u0131yla ilgili politikalar\u0131m\u0131z\u0131 ke\u015ffedin. A\u00e7\u0131kl\u0131k ve \u015feffafl\u0131k i\u00e7in ba\u015fvuraca\u011f\u0131n\u0131z kaynak.","robots":{"index":"index","follow":"follow","max-snippet":"max-snippet:-1","max-image-preview":"max-image-preview:large","max-video-preview":"max-video-preview:-1"},"canonical":"https:\/\/newstel.com\/tr\/sartlar-ve-kosullar\/","og_locale":"tr_TR","og_type":"article","og_title":"\u015eartlar ve Ko\u015fullar","og_description":"Newstel'in h\u00fck\u00fcm ve ko\u015fullar\u0131. Gizlilik, i\u00e7erik kullan\u0131m\u0131 ve daha fazlas\u0131yla ilgili politikalar\u0131m\u0131z\u0131 ke\u015ffedin. A\u00e7\u0131kl\u0131k ve \u015feffafl\u0131k i\u00e7in ba\u015fvuraca\u011f\u0131n\u0131z kaynak.","og_url":"https:\/\/newstel.com\/tr\/sartlar-ve-kosullar\/","og_site_name":"Newstel","article_publisher":"https:\/\/www.facebook.com\/NewstelWorldwide\/","article_modified_time":"2025-11-12T09:29:08+00:00","og_image":[{"url":"https:\/\/newstel.com\/wp-content\/uploads\/2022\/07\/logo-newstel-300x300.png","type":"","width":"","height":""}],"twitter_card":"summary_large_image","twitter_misc":{"Tahmini okuma s\u00fcresi":"5 dakika"},"schema":{"@context":"https:\/\/schema.org","@graph":[{"@type":"WebPage","@id":"https:\/\/newstel.com\/tr\/sartlar-ve-kosullar\/","url":"https:\/\/newstel.com\/tr\/sartlar-ve-kosullar\/","name":"\u015eartlar ve Ko\u015fullar","isPartOf":{"@id":"https:\/\/newstel.com\/tr\/#website"},"datePublished":"2022-10-29T19:12:14+00:00","dateModified":"2025-11-12T09:29:08+00:00","description":"Newstel'in h\u00fck\u00fcm ve ko\u015fullar\u0131. Gizlilik, i\u00e7erik kullan\u0131m\u0131 ve daha fazlas\u0131yla ilgili politikalar\u0131m\u0131z\u0131 ke\u015ffedin. A\u00e7\u0131kl\u0131k ve \u015feffafl\u0131k i\u00e7in ba\u015fvuraca\u011f\u0131n\u0131z kaynak.","breadcrumb":{"@id":"https:\/\/newstel.com\/tr\/sartlar-ve-kosullar\/#breadcrumb"},"inLanguage":"tr","potentialAction":[{"@type":"ReadAction","target":["https:\/\/newstel.com\/tr\/sartlar-ve-kosullar\/"]}]},{"@type":"BreadcrumbList","@id":"https:\/\/newstel.com\/tr\/sartlar-ve-kosullar\/#breadcrumb","itemListElement":[{"@type":"ListItem","position":1,"name":"Home","item":"https:\/\/newstel.com\/tr\/"},{"@type":"ListItem","position":2,"name":"\u015eartlar ve Ko\u015fullar"}]},{"@type":"WebSite","@id":"https:\/\/newstel.com\/tr\/#website","url":"https:\/\/newstel.com\/tr\/","name":"Newstel","description":"Newstel","publisher":{"@id":"https:\/\/newstel.com\/tr\/#organization"},"potentialAction":[{"@type":"SearchAction","target":{"@type":"EntryPoint","urlTemplate":"https:\/\/newstel.com\/tr\/?s={search_term_string}"},"query-input":{"@type":"PropertyValueSpecification","valueRequired":true,"valueName":"search_term_string"}}],"inLanguage":"tr"},{"@type":"Organization","@id":"https:\/\/newstel.com\/tr\/#organization","name":"Newstel GmbH","url":"https:\/\/newstel.com\/tr\/","logo":{"@type":"ImageObject","inLanguage":"tr","@id":"https:\/\/newstel.com\/tr\/#\/schema\/logo\/image\/","url":"https:\/\/newstel.com\/wp-content\/uploads\/2022\/07\/logo.png","contentUrl":"https:\/\/newstel.com\/wp-content\/uploads\/2022\/07\/logo.png","width":264,"height":246,"caption":"Newstel GmbH"},"image":{"@id":"https:\/\/newstel.com\/tr\/#\/schema\/logo\/image\/"},"sameAs":["https:\/\/www.facebook.com\/NewstelWorldwide\/","https:\/\/de.linkedin.com\/company\/newstel-gmbh"]}]}},"_links":{"self":[{"href":"https:\/\/newstel.com\/tr\/wp-json\/wp\/v2\/pages\/6246","targetHints":{"allow":["GET"]}}],"collection":[{"href":"https:\/\/newstel.com\/tr\/wp-json\/wp\/v2\/pages"}],"about":[{"href":"https:\/\/newstel.com\/tr\/wp-json\/wp\/v2\/types\/page"}],"author":[{"embeddable":true,"href":"https:\/\/newstel.com\/tr\/wp-json\/wp\/v2\/users\/36"}],"replies":[{"embeddable":true,"href":"https:\/\/newstel.com\/tr\/wp-json\/wp\/v2\/comments?post=6246"}],"version-history":[{"count":1,"href":"https:\/\/newstel.com\/tr\/wp-json\/wp\/v2\/pages\/6246\/revisions"}],"predecessor-version":[{"id":6252,"href":"https:\/\/newstel.com\/tr\/wp-json\/wp\/v2\/pages\/6246\/revisions\/6252"}],"wp:attachment":[{"href":"https:\/\/newstel.com\/tr\/wp-json\/wp\/v2\/media?parent=6246"}],"curies":[{"name":"wp","href":"https:\/\/api.w.org\/{rel}","templated":true}]}}